{"id":9737,"date":"2024-01-01T12:19:43","date_gmt":"2024-01-01T11:19:43","guid":{"rendered":"https:\/\/boguc.eu\/?post_type=product&#038;p=9737"},"modified":"2025-06-12T11:26:11","modified_gmt":"2025-06-12T09:26:11","slug":"plyta-szalunkowa-27mm-3s-pu","status":"publish","type":"product","link":"https:\/\/boguc.eu\/en\/plyta-szalunkowa-27mm-3s-pu\/","title":{"rendered":"P\u0142yta szalunkowa 27mm 3S PU"},"content":{"rendered":"<h1 style=\"font-size: 18px;\">P\u0142yta szalunkowa 3s PU<\/h1>\n<p><strong>Tr\u00f3jwarstwowe deski szalunkowe<\/strong> wyprodukowane z wyselekcjonowanego drewna \u015bwierkowego lub sosnowego, pochodz\u0105cego z las\u00f3w zarz\u0105dzanych w spos\u00f3b zr\u00f3wnowa\u017cony. P\u0142yty sk\u0142adaj\u0105 si\u0119 z trzech warstw u\u0142o\u017conych i sklejonych krzy\u017cowo.<br \/>\nZewn\u0119trzna powierzchnia p\u0142yty jest <strong>szlifowana i zabezpieczana<\/strong> na gor\u0105co, <strong>warstw\u0105 120gr\/m2 \u017cywicy melaminowej.<\/strong> Zabezpieczona w ten spos\u00f3b plyta jest odporna na dzia\u0142anie betonu, p\u0142yta ma<strong> zwi\u0119kszon\u0105 trwa\u0142o\u015b\u0107 i odporno\u015b\u0107 nas \u015bcieranie<\/strong>. G\u0142adkie powierzchnie plyty gwarantuj\u0105 doskona\u0142y wygl\u0105d mieszanki betonowej po rozszalowaniu.<\/p>\n<p><strong>P\u0142yta szalunkowa 3s PU<\/strong> klejona jest niskoemisyjnym klejem melaminowym pod kontrol\u0105 temperatury i ci\u015bnienia, zgodnie z\u00a0 wymaganiami SWP\/3 do u\u017cytku zewn\u0119trznego, z normy EN 13353.<\/p>\n<p><strong>BRZEGI PU<\/strong><br \/>\nMaj\u0105 one w\u0142a\u015bciwo\u015bci <strong>hydrofobowe<\/strong>. Nie wch\u0142aniaj\u0105 wilgoci, zapobiegaj\u0105c powstawaniu p\u0119kni\u0119\u0107 w drewnie i optymalizuje przyczepno\u015b\u0107 betonu. Pokrycie brzeg\u00f3w deski\u00a0 u\u0142atwi to r\u00f3wnie\u017c czyszczenie i zwi\u0119kszy ilo\u015b\u0107 zastosowa\u0144 deski.<\/p>\n<p>Stosowane s\u0105 najcz\u0119\u015bciej do szalowania konstrukcji betonowych, ale ze wzgl\u0119du na swoj\u0105 wyj\u0105tkow\u0105 funkcjonalno\u015b\u0107 mog\u0105 by\u0107 r\u00f3wnie\u017c wykorzystywane do innych cel\u00f3w.<\/p>\n<p><strong>Spos\u00f3b konserwacji:<\/strong><\/p>\n<ul>\n<li>Przed u\u017cyciem zastosowa\u0107 <strong><a href=\"https:\/\/boguc.eu\/plyn-antyadhezyjny\/\">\u015brodek antyadhezyjny<\/a><\/strong>. U\u0142atwia on oddzielenie szalunk\u00f3w od mieszanki betonowej.<\/li>\n<li>Po rozszalowaniu oczy\u015bci\u0107 pozosta\u0142o\u015bci betonu.<\/li>\n<li>U\u0142\u00f3\u017c je w stos i zawi\u0105\u017c po u\u017cyciu i do czasu ich ponownego wykorzystania.<\/li>\n<li>Przechowywa\u0107 w pomieszczeniu chronionym przed warunki meteorologiczne.<\/li>\n<li>Nie modyfikuj w\u0142a\u015bciwo\u015bci fizykomechanicznych produkt.<\/li>\n<\/ul>\n<p><strong><picture><source srcset=\"https:\/\/boguc.eu\/wp-content\/webp-express\/webp-images\/uploads\/2024\/12\/information-button-3.png.webp 24w, https:\/\/boguc.eu\/wp-content\/webp-express\/webp-images\/uploads\/2024\/12\/information-button-3-12x12.png.webp 12w\" sizes=\"auto, (max-width: 24px) 100vw, 24px\" type=\"image\/webp\"><img loading=\"lazy\" decoding=\"async\" class=\"alignleft wp-image-11646 size-full webpexpress-processed\" src=\"https:\/\/boguc.eu\/wp-content\/uploads\/2024\/12\/information-button-3.png\" alt=\"\" width=\"24\" height=\"24\" srcset=\"https:\/\/boguc.eu\/wp-content\/uploads\/2024\/12\/information-button-3.png 24w, https:\/\/boguc.eu\/wp-content\/uploads\/2024\/12\/information-button-3-12x12.png 12w\" sizes=\"auto, (max-width: 24px) 100vw, 24px\"><\/picture> Je\u015bli masz pytania na temat tego produktu prosimy o kontakt pod nr <a href=\"tel:+48228101006\">+48 22 810 10 06<\/a> lub poprzez formularz.\u00a0<\/strong><\/p>\n<div id=\"wpforms-5345\" class=\"wpforms-container wpforms-container-full\">\n<form id=\"wpforms-form-5345\" class=\"wpforms-validate wpforms-form\" action=\"https:\/\/boguc.eu\/glowice-krzyzowe-katownikowe\/\" enctype=\"multipart\/form-data\" method=\"post\" novalidate=\"novalidate\" data-formid=\"5345\" data-token=\"44b06d1ee422d52e960788aabf71e5bc\">\n<div class=\"wpforms-head-container\"><div class=\"wpforms-container wpforms-container-full\" id=\"wpforms-5345\"><form id=\"wpforms-form-5345\" class=\"wpforms-validate wpforms-form\" data-formid=\"5345\" method=\"post\" enctype=\"multipart\/form-data\" action=\"\/en\/wp-json\/wp\/v2\/product\/9737\" data-token=\"605c7ecf03089dbaca7c19ce74311b23\" data-token-time=\"1776932793\"><div class=\"wpforms-head-container\"><div class=\"wpforms-title\">Formularz kontaktowy (produkt)<\/div><\/div><noscript class=\"wpforms-error-noscript\">Please enable JavaScript in your browser to complete this form.<\/noscript><div class=\"wpforms-field-container\"><div id=\"wpforms-5345-field_0-container\" class=\"wpforms-field wpforms-field-name\" data-field-id=\"0\"><label class=\"wpforms-field-label\" for=\"wpforms-5345-field_0\">Imi\u0119 i nazwisko <span class=\"wpforms-required-label\">*<\/span><\/label><div class=\"wpforms-field-row wpforms-field-large\"><div class=\"wpforms-field-row-block wpforms-first wpforms-one-half\"><input type=\"text\" id=\"wpforms-5345-field_0\" class=\"wpforms-field-name-first wpforms-field-required\" name=\"wpforms[fields][0][first]\" placeholder=\"Imi\u0119\" required><label for=\"wpforms-5345-field_0\" class=\"wpforms-field-sublabel after wpforms-sublabel-hide\">First<\/label><\/div><div class=\"wpforms-field-row-block wpforms-one-half\"><input type=\"text\" id=\"wpforms-5345-field_0-last\" class=\"wpforms-field-name-last wpforms-field-required\" name=\"wpforms[fields][0][last]\" placeholder=\"Nazwisko\" required><label for=\"wpforms-5345-field_0-last\" class=\"wpforms-field-sublabel after wpforms-sublabel-hide\">Last<\/label><\/div><\/div><\/div><div id=\"wpforms-5345-field_7-container\" class=\"wpforms-field wpforms-field-text wpforms-one-half wpforms-first\" data-field-id=\"7\"><label class=\"wpforms-field-label\" for=\"wpforms-5345-field_7\">NIP firmy<\/label><input type=\"text\" id=\"wpforms-5345-field_7\" class=\"wpforms-field-large\" name=\"wpforms[fields][7]\" ><\/div><div id=\"wpforms-5345-field_4-container\" class=\"wpforms-field wpforms-field-text wpforms-one-half wpforms-second\" data-field-id=\"4\"><label class=\"wpforms-field-label\" for=\"wpforms-5345-field_4\">Telefon <span class=\"wpforms-required-label\">*<\/span><\/label><input type=\"text\" id=\"wpforms-5345-field_4\" class=\"wpforms-field-large wpforms-field-required\" name=\"wpforms[fields][4]\" required><\/div><div id=\"wpforms-5345-field_1-container\" class=\"wpforms-field wpforms-field-email\" data-field-id=\"1\"><label class=\"wpforms-field-label\" for=\"wpforms-5345-field_1\">E-mail <span class=\"wpforms-required-label\">*<\/span><\/label><input type=\"email\" id=\"wpforms-5345-field_1\" class=\"wpforms-field-large wpforms-field-required\" name=\"wpforms[fields][1]\" spellcheck=\"false\" required><\/div><div id=\"wpforms-5345-field_2-container\" class=\"wpforms-field wpforms-field-textarea\" data-field-id=\"2\"><label class=\"wpforms-field-label\" for=\"wpforms-5345-field_2\">Wiadomo\u015b\u0107 <span class=\"wpforms-required-label\">*<\/span><\/label><textarea id=\"wpforms-5345-field_2\" class=\"wpforms-field-small wpforms-field-required\" name=\"wpforms[fields][2]\" required><\/textarea><\/div><div id=\"wpforms-5345-field_3-container\" class=\"wpforms-field wpforms-field-checkbox font-size 12px\" data-field-id=\"3\"><label class=\"wpforms-field-label wpforms-label-hide\">Zgoda <span class=\"wpforms-required-label\">*<\/span><\/label><ul id=\"wpforms-5345-field_3\" class=\"wpforms-field-required\"><li class=\"choice-1 depth-1\"><input type=\"checkbox\" id=\"wpforms-5345-field_3_1\" name=\"wpforms[fields][3][]\" value=\"Wyra\u017cam zgod\u0119 na przetwarzanie danych osobowych zgodnie z &lt;a href=&quot;https:\/\/boguc.eu\/privacy-policy\/&quot;&gt;Polityk\u0105 Prywatno\u015bci&lt;\/a&gt; w celu obs\u0142ugi zapytania, w tym kontakt telefoniczny lub mailowy.\" required ><label class=\"wpforms-field-label-inline\" for=\"wpforms-5345-field_3_1\">Wyra\u017cam zgod\u0119 na przetwarzanie danych osobowych zgodnie z <a href=\"https:\/\/boguc.eu\/privacy-policy\/\">Polityk\u0105 Prywatno\u015bci<\/a> w celu obs\u0142ugi zapytania, w tym kontakt telefoniczny lub mailowy.<\/label><\/li><\/ul><\/div><\/div><!-- .wpforms-field-container --><div class=\"wpforms-field wpforms-field-hp\"><label for=\"wpforms-5345-field-hp\" class=\"wpforms-field-label\">Email<\/label><input type=\"text\" name=\"wpforms[hp]\" id=\"wpforms-5345-field-hp\" class=\"wpforms-field-medium\"><\/div><div class=\"wpforms-recaptcha-container wpforms-is-turnstile\" ><div class=\"wpforms-turnstile\" data-sitekey=\"0x4AAAAAACfHLifgNHCBiiHd\" data-action=\"FormID-5345\"><\/div><input type=\"text\" name=\"g-recaptcha-hidden\" class=\"wpforms-recaptcha-hidden\" style=\"position:absolute!important;clip:rect(0,0,0,0)!important;height:1px!important;width:1px!important;border:0!important;overflow:hidden!important;padding:0!important;margin:0!important;\" data-rule-turnstile=\"1\"><\/div><div class=\"wpforms-submit-container\" ><input type=\"hidden\" name=\"wpforms[id]\" value=\"5345\"><input type=\"hidden\" name=\"page_title\" value=\"\"><input type=\"hidden\" name=\"page_url\" value=\"https:\/\/boguc.eu\/en\/wp-json\/wp\/v2\/product\/9737\"><input type=\"hidden\" name=\"url_referer\" value=\"\"><button type=\"submit\" name=\"wpforms[submit]\" id=\"wpforms-submit-5345\" class=\"wpforms-submit\" data-alt-text=\"Wysy\u0142am...\" data-submit-text=\"Wy\u015blij\" aria-live=\"assertive\" value=\"wpforms-submit\">Wy\u015blij<\/button><\/div><\/form><\/div>  <!-- .wpforms-container --><\/div>\n<\/form>\n<\/div>\n","protected":false},"excerpt":{"rendered":"<ul>\n<li>warstwa 120gr\/m2 \u017cywicy melaminowej<\/li>\n<li>brzegi zabezpieczone PU<\/li>\n<li>wyselekcjonowane drewno<\/li>\n<li>grubo\u015b\u0107: <strong>27 mm<\/strong><\/li>\n<\/ul>\n<p><strong><picture><source srcset=\"https:\/\/boguc.eu\/wp-content\/webp-express\/webp-images\/uploads\/2024\/12\/information-button-3.png.webp 24w, https:\/\/boguc.eu\/wp-content\/webp-express\/webp-images\/uploads\/2024\/12\/information-button-3-12x12.png.webp 12w\" sizes=\"auto, (max-width: 24px) 100vw, 24px\" type=\"image\/webp\"><img loading=\"lazy\" decoding=\"async\" class=\"alignleft wp-image-11646 size-full webpexpress-processed\" src=\"https:\/\/boguc.eu\/wp-content\/uploads\/2024\/12\/information-button-3.png\" alt=\"\" width=\"24\" height=\"24\" srcset=\"https:\/\/boguc.eu\/wp-content\/uploads\/2024\/12\/information-button-3.png 24w, https:\/\/boguc.eu\/wp-content\/uploads\/2024\/12\/information-button-3-12x12.png 12w\" sizes=\"auto, (max-width: 24px) 100vw, 24px\"><\/picture>Produkt na zam\u00f3wienie:<br \/>\n<\/strong>tel: <strong><a href=\"tel:+48228101006\">+48 22 810 10 06<\/a><br \/>\n<\/strong>mail:\u00a0<a href=\"mailto:info@boguc.eu\"><strong>info@boguc.eu<\/strong><\/a><\/p>\n<p><strong><picture><source srcset=\"https:\/\/boguc.eu\/wp-content\/webp-express\/webp-images\/uploads\/2025\/05\/transport-boguc.png.webp 24w, https:\/\/boguc.eu\/wp-content\/webp-express\/webp-images\/uploads\/2025\/05\/transport-boguc-12x12.png.webp 12w\" sizes=\"auto, (max-width: 24px) 100vw, 24px\" type=\"image\/webp\"><img loading=\"lazy\" decoding=\"async\" class=\"alignnone size-full wp-image-12498 webpexpress-processed\" src=\"https:\/\/boguc.eu\/wp-content\/uploads\/2025\/05\/transport-boguc.png\" alt=\"\" width=\"24\" height=\"24\" srcset=\"https:\/\/boguc.eu\/wp-content\/uploads\/2025\/05\/transport-boguc.png 24w, https:\/\/boguc.eu\/wp-content\/uploads\/2025\/05\/transport-boguc-12x12.png 12w\" sizes=\"auto, (max-width: 24px) 100vw, 24px\"><\/picture>\u00a0 \u00a0Potrzebujesz transportu? <\/strong>Dobieramy najkorzystniejsz\u0105 opcj\u0119 dostawy wed\u0142ug wagi, gabaryt\u00f3w i terminu <strong>\u2013 <a href=\"mailto: info@boguc.eu\">napisz<\/a><\/strong> lub <strong><a href=\"tel:+48228101006\">zadzwo\u0144.<\/a><\/strong><\/p>","protected":false},"featured_media":9743,"comment_status":"closed","ping_status":"closed","template":"","meta":{"_acf_changed":false},"product_brand":[],"product_cat":[658,342,238],"product_tag":[1408,1386,1406,339,327,1387,1385,387,1348],"class_list":{"0":"post-9737","1":"product","2":"type-product","3":"status-publish","4":"has-post-thumbnail","6":"product_cat-plyta-szalunkowa","7":"product_cat-plyty-i-sklejki","8":"product_cat-plyty-szalunkowe","9":"product_tag-plyta-27mm","10":"product_tag-plyta-3s","11":"product_tag-plyta-pu","12":"product_tag-plyta-szalunkowa","13":"product_tag-plyty","14":"product_tag-plyty-3s","15":"product_tag-plyty-szalunkowe","16":"product_tag-sklejka","17":"product_tag-szalunek-stropowy","19":"first","20":"onbackorder","21":"taxable","22":"shipping-taxable","23":"product-type-variable"},"acf":[],"yoast_head":"<!-- This site is optimized with the Yoast SEO plugin v27.3 - https:\/\/yoast.com\/product\/yoast-seo-wordpress\/ -->\n<title>P\u0142yta szalunkowa 27mm 3S PU - Boguc Construction<\/title>\n<meta name=\"description\" content=\"P\u0142yta szalunkowa 3s PU z brzegami zabezpieczonymi hydrofobowo. Warstwa 120gr\/m2 \u017cywicy melaminowej. Pierwsza jako\u015b\u0107. Dostawa na budow\u0119. Magazyn Warszawa.\" \/>\n<meta name=\"robots\" content=\"index, follow, max-snippet:-1, max-image-preview:large, max-video-preview:-1\" \/>\n<link rel=\"canonical\" href=\"https:\/\/boguc.eu\/en\/plyta-szalunkowa-27mm-3s-pu\/\" \/>\n<meta property=\"og:locale\" content=\"en_GB\" \/>\n<meta property=\"og:type\" content=\"article\" \/>\n<meta property=\"og:title\" content=\"P\u0142yta szalunkowa 27mm 3S PU - Boguc Construction\" \/>\n<meta property=\"og:description\" content=\"P\u0142yta szalunkowa 3s PU z brzegami zabezpieczonymi hydrofobowo. Warstwa 120gr\/m2 \u017cywicy melaminowej. Pierwsza jako\u015b\u0107. Dostawa na budow\u0119. Magazyn Warszawa.\" \/>\n<meta property=\"og:url\" content=\"https:\/\/boguc.eu\/en\/plyta-szalunkowa-27mm-3s-pu\/\" \/>\n<meta property=\"og:site_name\" content=\"Boguc Construction\" \/>\n<meta property=\"article:modified_time\" content=\"2025-06-12T09:26:11+00:00\" \/>\n<meta property=\"og:image\" content=\"https:\/\/boguc.eu\/wp-content\/uploads\/2022\/12\/boguc-eu-plyta-niebieska-popo.jpg\" \/>\n\t<meta property=\"og:image:width\" content=\"600\" \/>\n\t<meta property=\"og:image:height\" content=\"450\" \/>\n\t<meta property=\"og:image:type\" content=\"image\/jpeg\" \/>\n<meta name=\"twitter:card\" content=\"summary_large_image\" \/>\n<meta name=\"twitter:label1\" content=\"Estimated reading time\" \/>\n\t<meta name=\"twitter:data1\" content=\"2 minutes\" \/>\n<script type=\"application\/ld+json\" class=\"yoast-schema-graph\">{\"@context\":\"https:\\\/\\\/schema.org\",\"@graph\":[{\"@type\":\"WebPage\",\"@id\":\"https:\\\/\\\/boguc.eu\\\/plyta-szalunkowa-27mm-3s-pu\\\/\",\"url\":\"https:\\\/\\\/boguc.eu\\\/plyta-szalunkowa-27mm-3s-pu\\\/\",\"name\":\"P\u0142yta szalunkowa 27mm 3S PU - Boguc Construction\",\"isPartOf\":{\"@id\":\"https:\\\/\\\/boguc.eu\\\/#website\"},\"primaryImageOfPage\":{\"@id\":\"https:\\\/\\\/boguc.eu\\\/plyta-szalunkowa-27mm-3s-pu\\\/#primaryimage\"},\"image\":{\"@id\":\"https:\\\/\\\/boguc.eu\\\/plyta-szalunkowa-27mm-3s-pu\\\/#primaryimage\"},\"thumbnailUrl\":\"https:\\\/\\\/boguc.eu\\\/wp-content\\\/uploads\\\/2022\\\/12\\\/boguc-eu-plyta-niebieska-popo.jpg\",\"datePublished\":\"2024-01-01T11:19:43+00:00\",\"dateModified\":\"2025-06-12T09:26:11+00:00\",\"description\":\"P\u0142yta szalunkowa 3s PU z brzegami zabezpieczonymi hydrofobowo. Warstwa 120gr\\\/m2 \u017cywicy melaminowej. Pierwsza jako\u015b\u0107. Dostawa na budow\u0119. Magazyn Warszawa.\",\"breadcrumb\":{\"@id\":\"https:\\\/\\\/boguc.eu\\\/plyta-szalunkowa-27mm-3s-pu\\\/#breadcrumb\"},\"inLanguage\":\"en-GB\",\"potentialAction\":[{\"@type\":\"ReadAction\",\"target\":[\"https:\\\/\\\/boguc.eu\\\/plyta-szalunkowa-27mm-3s-pu\\\/\"]}]},{\"@type\":\"ImageObject\",\"inLanguage\":\"en-GB\",\"@id\":\"https:\\\/\\\/boguc.eu\\\/plyta-szalunkowa-27mm-3s-pu\\\/#primaryimage\",\"url\":\"https:\\\/\\\/boguc.eu\\\/wp-content\\\/uploads\\\/2022\\\/12\\\/boguc-eu-plyta-niebieska-popo.jpg\",\"contentUrl\":\"https:\\\/\\\/boguc.eu\\\/wp-content\\\/uploads\\\/2022\\\/12\\\/boguc-eu-plyta-niebieska-popo.jpg\",\"width\":600,\"height\":450,\"caption\":\"p\u0142yta szalunkowa 27mm\"},{\"@type\":\"BreadcrumbList\",\"@id\":\"https:\\\/\\\/boguc.eu\\\/plyta-szalunkowa-27mm-3s-pu\\\/#breadcrumb\",\"itemListElement\":[{\"@type\":\"ListItem\",\"position\":1,\"name\":\"Strona g\u0142\u00f3wna\",\"item\":\"https:\\\/\\\/boguc.eu\\\/\"},{\"@type\":\"ListItem\",\"position\":2,\"name\":\"Sklep Online\",\"item\":\"https:\\\/\\\/boguc.eu\\\/sklep\\\/\"},{\"@type\":\"ListItem\",\"position\":3,\"name\":\"P\u0142yta szalunkowa 27mm 3S PU\"}]},{\"@type\":\"WebSite\",\"@id\":\"https:\\\/\\\/boguc.eu\\\/#website\",\"url\":\"https:\\\/\\\/boguc.eu\\\/\",\"name\":\"Boguc Construction\",\"description\":\"Sklejki i p\u0142yty szalunkowe, szalunki, rusztowania\",\"potentialAction\":[{\"@type\":\"SearchAction\",\"target\":{\"@type\":\"EntryPoint\",\"urlTemplate\":\"https:\\\/\\\/boguc.eu\\\/?s={search_term_string}\"},\"query-input\":{\"@type\":\"PropertyValueSpecification\",\"valueRequired\":true,\"valueName\":\"search_term_string\"}}],\"inLanguage\":\"en-GB\"}]}<\/script>\n<!-- \/ Yoast SEO plugin. -->","yoast_head_json":{"title":"P\u0142yta szalunkowa 27mm 3S PU - Boguc Construction","description":"P\u0142yta szalunkowa 3s PU z brzegami zabezpieczonymi hydrofobowo. Warstwa 120gr\/m2 \u017cywicy melaminowej. Pierwsza jako\u015b\u0107. Dostawa na budow\u0119. Magazyn Warszawa.","robots":{"index":"index","follow":"follow","max-snippet":"max-snippet:-1","max-image-preview":"max-image-preview:large","max-video-preview":"max-video-preview:-1"},"canonical":"https:\/\/boguc.eu\/en\/plyta-szalunkowa-27mm-3s-pu\/","og_locale":"en_GB","og_type":"article","og_title":"P\u0142yta szalunkowa 27mm 3S PU - Boguc Construction","og_description":"P\u0142yta szalunkowa 3s PU z brzegami zabezpieczonymi hydrofobowo. Warstwa 120gr\/m2 \u017cywicy melaminowej. Pierwsza jako\u015b\u0107. Dostawa na budow\u0119. Magazyn Warszawa.","og_url":"https:\/\/boguc.eu\/en\/plyta-szalunkowa-27mm-3s-pu\/","og_site_name":"Boguc Construction","article_modified_time":"2025-06-12T09:26:11+00:00","og_image":[{"width":600,"height":450,"url":"https:\/\/boguc.eu\/wp-content\/uploads\/2022\/12\/boguc-eu-plyta-niebieska-popo.jpg","type":"image\/jpeg"}],"twitter_card":"summary_large_image","twitter_misc":{"Estimated reading time":"2 minutes"},"schema":{"@context":"https:\/\/schema.org","@graph":[{"@type":"WebPage","@id":"https:\/\/boguc.eu\/plyta-szalunkowa-27mm-3s-pu\/","url":"https:\/\/boguc.eu\/plyta-szalunkowa-27mm-3s-pu\/","name":"P\u0142yta szalunkowa 27mm 3S PU - Boguc Construction","isPartOf":{"@id":"https:\/\/boguc.eu\/#website"},"primaryImageOfPage":{"@id":"https:\/\/boguc.eu\/plyta-szalunkowa-27mm-3s-pu\/#primaryimage"},"image":{"@id":"https:\/\/boguc.eu\/plyta-szalunkowa-27mm-3s-pu\/#primaryimage"},"thumbnailUrl":"https:\/\/boguc.eu\/wp-content\/uploads\/2022\/12\/boguc-eu-plyta-niebieska-popo.jpg","datePublished":"2024-01-01T11:19:43+00:00","dateModified":"2025-06-12T09:26:11+00:00","description":"P\u0142yta szalunkowa 3s PU z brzegami zabezpieczonymi hydrofobowo. Warstwa 120gr\/m2 \u017cywicy melaminowej. Pierwsza jako\u015b\u0107. Dostawa na budow\u0119. Magazyn Warszawa.","breadcrumb":{"@id":"https:\/\/boguc.eu\/plyta-szalunkowa-27mm-3s-pu\/#breadcrumb"},"inLanguage":"en-GB","potentialAction":[{"@type":"ReadAction","target":["https:\/\/boguc.eu\/plyta-szalunkowa-27mm-3s-pu\/"]}]},{"@type":"ImageObject","inLanguage":"en-GB","@id":"https:\/\/boguc.eu\/plyta-szalunkowa-27mm-3s-pu\/#primaryimage","url":"https:\/\/boguc.eu\/wp-content\/uploads\/2022\/12\/boguc-eu-plyta-niebieska-popo.jpg","contentUrl":"https:\/\/boguc.eu\/wp-content\/uploads\/2022\/12\/boguc-eu-plyta-niebieska-popo.jpg","width":600,"height":450,"caption":"p\u0142yta szalunkowa 27mm"},{"@type":"BreadcrumbList","@id":"https:\/\/boguc.eu\/plyta-szalunkowa-27mm-3s-pu\/#breadcrumb","itemListElement":[{"@type":"ListItem","position":1,"name":"Strona g\u0142\u00f3wna","item":"https:\/\/boguc.eu\/"},{"@type":"ListItem","position":2,"name":"Sklep Online","item":"https:\/\/boguc.eu\/sklep\/"},{"@type":"ListItem","position":3,"name":"P\u0142yta szalunkowa 27mm 3S PU"}]},{"@type":"WebSite","@id":"https:\/\/boguc.eu\/#website","url":"https:\/\/boguc.eu\/","name":"Boguc Construction","description":"Sklejki i p\u0142yty szalunkowe, szalunki, rusztowania","potentialAction":[{"@type":"SearchAction","target":{"@type":"EntryPoint","urlTemplate":"https:\/\/boguc.eu\/?s={search_term_string}"},"query-input":{"@type":"PropertyValueSpecification","valueRequired":true,"valueName":"search_term_string"}}],"inLanguage":"en-GB"}]}},"_links":{"self":[{"href":"https:\/\/boguc.eu\/en\/wp-json\/wp\/v2\/product\/9737","targetHints":{"allow":["GET"]}}],"collection":[{"href":"https:\/\/boguc.eu\/en\/wp-json\/wp\/v2\/product"}],"about":[{"href":"https:\/\/boguc.eu\/en\/wp-json\/wp\/v2\/types\/product"}],"replies":[{"embeddable":true,"href":"https:\/\/boguc.eu\/en\/wp-json\/wp\/v2\/comments?post=9737"}],"wp:featuredmedia":[{"embeddable":true,"href":"https:\/\/boguc.eu\/en\/wp-json\/wp\/v2\/media\/9743"}],"wp:attachment":[{"href":"https:\/\/boguc.eu\/en\/wp-json\/wp\/v2\/media?parent=9737"}],"wp:term":[{"taxonomy":"product_brand","embeddable":true,"href":"https:\/\/boguc.eu\/en\/wp-json\/wp\/v2\/product_brand?post=9737"},{"taxonomy":"product_cat","embeddable":true,"href":"https:\/\/boguc.eu\/en\/wp-json\/wp\/v2\/product_cat?post=9737"},{"taxonomy":"product_tag","embeddable":true,"href":"https:\/\/boguc.eu\/en\/wp-json\/wp\/v2\/product_tag?post=9737"}],"curies":[{"name":"wp","href":"https:\/\/api.w.org\/{rel}","templated":true}]}}