{"id":8042,"date":"2022-09-10T14:54:44","date_gmt":"2022-09-10T12:54:44","guid":{"rendered":"https:\/\/boguc.eu\/schody-aluminiowe-rotax\/"},"modified":"2022-09-29T12:23:51","modified_gmt":"2022-09-29T10:23:51","slug":"schody-aluminiowe-rotax","status":"publish","type":"product","link":"https:\/\/boguc.eu\/en\/schody-aluminiowe-rotax\/","title":{"rendered":"Schody aluminiowe ROTAX"},"content":{"rendered":"<h1 style=\"font-size: 16px;\"><strong>Schody aluminiowe ROTAX do rusztowa\u0144 modu\u0142owych<\/strong><\/h1>\n<p>Pozwalaj\u0105 na wygodne poruszanie si\u0119 po rusztowaniu i wygodny transport materia\u0142\u00f3w. Pasuje z systemem Allround firmy Layher.<\/p>\n<p>Szeroko\u015b\u0107: 0,64m<\/p>\n<p><strong>D\u0142ugo\u015b\u0107 | Nr. katalogowy<\/strong><br \/>\n2,57m | E286225<br \/>\n3,07m | E286230<\/p>\n<p>W celu zam\u00f3wienia nale\u017cy wybra\u0107 odpowiedni\u0105 d\u0142ugo\u015b\u0107 schod\u00f3w w polu wyboru (pod cen\u0105).<\/p>\n<p><img loading=\"lazy\" decoding=\"async\" class=\"aligncenter wp-image-6248 size-full\" src=\"https:\/\/www.boguc.eu\/\/wp-content\/uploads\/2022\/09\/drabina-aluminiowa-schem.jpg\" alt=\"Drabina aluminiowa do rusztowa\u0144 modu\u0142owych Rotax\" width=\"367\" height=\"219\" \/><\/p>\n<p>Zobacz te\u017c <a href=\"https:\/\/boguc.eu\/en\/drabina-stalowa-miedzykondygnacyjna-rotax\/\" target=\"_blank\" rel=\"noopener\">drabin\u0119 mi\u0119dzykondygnacyjn\u0105<\/a>.<\/p>","protected":false},"excerpt":{"rendered":"<p>Szeroko\u015b\u0107: 0,64m<br \/>\nD\u0142ugo\u015b\u0107: 2,57m, 3,07m<br \/>\nAluminiowe<\/p>","protected":false},"featured_media":8044,"comment_status":"closed","ping_status":"closed","template":"","meta":{"_acf_changed":false},"product_brand":[],"product_cat":[549,921],"product_tag":[],"class_list":{"0":"post-8042","1":"product","2":"type-product","3":"status-publish","4":"has-post-thumbnail","6":"product_cat-rusztowania-budowlane","7":"product_cat-rusztowania-modulowe","8":"pa_brand-altrad-mostostal","9":"pa_dlugosc-257m","10":"pa_dlugosc-307m","11":"pa_grubosc-no","13":"first","14":"onbackorder","15":"product-type-variable"},"acf":[],"yoast_head":"<!-- This site is optimized with the Yoast SEO plugin v27.3 - https:\/\/yoast.com\/product\/yoast-seo-wordpress\/ -->\n<title>Schody aluminiowe ROTAX do rusztowa\u0144 modu\u0142owych Altrad Mostostal<\/title>\n<meta name=\"description\" content=\"Schody aluminiowe ROTAX do rusztowa\u0144 modu\u0142owych. Pozwalaj\u0105 na wygodne poruszanie si\u0119 po rusztowaniu i wygodny transport materia\u0142\u00f3w.\" \/>\n<meta name=\"robots\" content=\"index, follow, max-snippet:-1, max-image-preview:large, max-video-preview:-1\" \/>\n<link rel=\"canonical\" href=\"https:\/\/boguc.eu\/en\/schody-aluminiowe-rotax\/\" \/>\n<meta property=\"og:locale\" content=\"en_GB\" \/>\n<meta property=\"og:type\" content=\"article\" \/>\n<meta property=\"og:title\" content=\"Schody aluminiowe ROTAX do rusztowa\u0144 modu\u0142owych Altrad Mostostal\" \/>\n<meta property=\"og:description\" content=\"Schody aluminiowe ROTAX do rusztowa\u0144 modu\u0142owych. Pozwalaj\u0105 na wygodne poruszanie si\u0119 po rusztowaniu i wygodny transport materia\u0142\u00f3w.\" \/>\n<meta property=\"og:url\" content=\"https:\/\/boguc.eu\/en\/schody-aluminiowe-rotax\/\" \/>\n<meta property=\"og:site_name\" content=\"Boguc Construction\" \/>\n<meta property=\"article:modified_time\" content=\"2022-09-29T10:23:51+00:00\" \/>\n<meta property=\"og:image\" content=\"https:\/\/boguc.eu\/wp-content\/uploads\/2022\/09\/drabina-aluminiowa-schem-3.jpg\" \/>\n\t<meta property=\"og:image:width\" content=\"367\" \/>\n\t<meta property=\"og:image:height\" content=\"219\" \/>\n\t<meta property=\"og:image:type\" content=\"image\/jpeg\" \/>\n<meta name=\"twitter:card\" content=\"summary_large_image\" \/>\n<script type=\"application\/ld+json\" class=\"yoast-schema-graph\">{\"@context\":\"https:\\\/\\\/schema.org\",\"@graph\":[{\"@type\":\"WebPage\",\"@id\":\"https:\\\/\\\/boguc.eu\\\/schody-aluminiowe-rotax\\\/\",\"url\":\"https:\\\/\\\/boguc.eu\\\/schody-aluminiowe-rotax\\\/\",\"name\":\"Schody aluminiowe ROTAX do rusztowa\u0144 modu\u0142owych Altrad Mostostal\",\"isPartOf\":{\"@id\":\"https:\\\/\\\/boguc.eu\\\/#website\"},\"primaryImageOfPage\":{\"@id\":\"https:\\\/\\\/boguc.eu\\\/schody-aluminiowe-rotax\\\/#primaryimage\"},\"image\":{\"@id\":\"https:\\\/\\\/boguc.eu\\\/schody-aluminiowe-rotax\\\/#primaryimage\"},\"thumbnailUrl\":\"https:\\\/\\\/boguc.eu\\\/wp-content\\\/uploads\\\/2022\\\/09\\\/drabina-aluminiowa-schem-3.jpg\",\"datePublished\":\"2022-09-10T12:54:44+00:00\",\"dateModified\":\"2022-09-29T10:23:51+00:00\",\"description\":\"Schody aluminiowe ROTAX do rusztowa\u0144 modu\u0142owych. Pozwalaj\u0105 na wygodne poruszanie si\u0119 po rusztowaniu i wygodny transport materia\u0142\u00f3w.\",\"breadcrumb\":{\"@id\":\"https:\\\/\\\/boguc.eu\\\/schody-aluminiowe-rotax\\\/#breadcrumb\"},\"inLanguage\":\"en-GB\",\"potentialAction\":[{\"@type\":\"ReadAction\",\"target\":[\"https:\\\/\\\/boguc.eu\\\/schody-aluminiowe-rotax\\\/\"]}]},{\"@type\":\"ImageObject\",\"inLanguage\":\"en-GB\",\"@id\":\"https:\\\/\\\/boguc.eu\\\/schody-aluminiowe-rotax\\\/#primaryimage\",\"url\":\"https:\\\/\\\/boguc.eu\\\/wp-content\\\/uploads\\\/2022\\\/09\\\/drabina-aluminiowa-schem-3.jpg\",\"contentUrl\":\"https:\\\/\\\/boguc.eu\\\/wp-content\\\/uploads\\\/2022\\\/09\\\/drabina-aluminiowa-schem-3.jpg\",\"width\":367,\"height\":219,\"caption\":\"Drabina aluminiowa do rusztowa\u0144 modu\u0142owych Rotax sklep online\"},{\"@type\":\"BreadcrumbList\",\"@id\":\"https:\\\/\\\/boguc.eu\\\/schody-aluminiowe-rotax\\\/#breadcrumb\",\"itemListElement\":[{\"@type\":\"ListItem\",\"position\":1,\"name\":\"Strona g\u0142\u00f3wna\",\"item\":\"https:\\\/\\\/boguc.eu\\\/\"},{\"@type\":\"ListItem\",\"position\":2,\"name\":\"Sklep Online\",\"item\":\"https:\\\/\\\/boguc.eu\\\/sklep\\\/\"},{\"@type\":\"ListItem\",\"position\":3,\"name\":\"Schody aluminiowe ROTAX\"}]},{\"@type\":\"WebSite\",\"@id\":\"https:\\\/\\\/boguc.eu\\\/#website\",\"url\":\"https:\\\/\\\/boguc.eu\\\/\",\"name\":\"Boguc Construction\",\"description\":\"Sklejki i p\u0142yty szalunkowe, szalunki, rusztowania\",\"potentialAction\":[{\"@type\":\"SearchAction\",\"target\":{\"@type\":\"EntryPoint\",\"urlTemplate\":\"https:\\\/\\\/boguc.eu\\\/?s={search_term_string}\"},\"query-input\":{\"@type\":\"PropertyValueSpecification\",\"valueRequired\":true,\"valueName\":\"search_term_string\"}}],\"inLanguage\":\"en-GB\"}]}<\/script>\n<!-- \/ Yoast SEO plugin. -->","yoast_head_json":{"title":"Schody aluminiowe ROTAX do rusztowa\u0144 modu\u0142owych Altrad Mostostal","description":"Schody aluminiowe ROTAX do rusztowa\u0144 modu\u0142owych. Pozwalaj\u0105 na wygodne poruszanie si\u0119 po rusztowaniu i wygodny transport materia\u0142\u00f3w.","robots":{"index":"index","follow":"follow","max-snippet":"max-snippet:-1","max-image-preview":"max-image-preview:large","max-video-preview":"max-video-preview:-1"},"canonical":"https:\/\/boguc.eu\/en\/schody-aluminiowe-rotax\/","og_locale":"en_GB","og_type":"article","og_title":"Schody aluminiowe ROTAX do rusztowa\u0144 modu\u0142owych Altrad Mostostal","og_description":"Schody aluminiowe ROTAX do rusztowa\u0144 modu\u0142owych. Pozwalaj\u0105 na wygodne poruszanie si\u0119 po rusztowaniu i wygodny transport materia\u0142\u00f3w.","og_url":"https:\/\/boguc.eu\/en\/schody-aluminiowe-rotax\/","og_site_name":"Boguc Construction","article_modified_time":"2022-09-29T10:23:51+00:00","og_image":[{"width":367,"height":219,"url":"https:\/\/boguc.eu\/wp-content\/uploads\/2022\/09\/drabina-aluminiowa-schem-3.jpg","type":"image\/jpeg"}],"twitter_card":"summary_large_image","schema":{"@context":"https:\/\/schema.org","@graph":[{"@type":"WebPage","@id":"https:\/\/boguc.eu\/schody-aluminiowe-rotax\/","url":"https:\/\/boguc.eu\/schody-aluminiowe-rotax\/","name":"Schody aluminiowe ROTAX do rusztowa\u0144 modu\u0142owych Altrad Mostostal","isPartOf":{"@id":"https:\/\/boguc.eu\/#website"},"primaryImageOfPage":{"@id":"https:\/\/boguc.eu\/schody-aluminiowe-rotax\/#primaryimage"},"image":{"@id":"https:\/\/boguc.eu\/schody-aluminiowe-rotax\/#primaryimage"},"thumbnailUrl":"https:\/\/boguc.eu\/wp-content\/uploads\/2022\/09\/drabina-aluminiowa-schem-3.jpg","datePublished":"2022-09-10T12:54:44+00:00","dateModified":"2022-09-29T10:23:51+00:00","description":"Schody aluminiowe ROTAX do rusztowa\u0144 modu\u0142owych. Pozwalaj\u0105 na wygodne poruszanie si\u0119 po rusztowaniu i wygodny transport materia\u0142\u00f3w.","breadcrumb":{"@id":"https:\/\/boguc.eu\/schody-aluminiowe-rotax\/#breadcrumb"},"inLanguage":"en-GB","potentialAction":[{"@type":"ReadAction","target":["https:\/\/boguc.eu\/schody-aluminiowe-rotax\/"]}]},{"@type":"ImageObject","inLanguage":"en-GB","@id":"https:\/\/boguc.eu\/schody-aluminiowe-rotax\/#primaryimage","url":"https:\/\/boguc.eu\/wp-content\/uploads\/2022\/09\/drabina-aluminiowa-schem-3.jpg","contentUrl":"https:\/\/boguc.eu\/wp-content\/uploads\/2022\/09\/drabina-aluminiowa-schem-3.jpg","width":367,"height":219,"caption":"Drabina aluminiowa do rusztowa\u0144 modu\u0142owych Rotax sklep online"},{"@type":"BreadcrumbList","@id":"https:\/\/boguc.eu\/schody-aluminiowe-rotax\/#breadcrumb","itemListElement":[{"@type":"ListItem","position":1,"name":"Strona g\u0142\u00f3wna","item":"https:\/\/boguc.eu\/"},{"@type":"ListItem","position":2,"name":"Sklep Online","item":"https:\/\/boguc.eu\/sklep\/"},{"@type":"ListItem","position":3,"name":"Schody aluminiowe ROTAX"}]},{"@type":"WebSite","@id":"https:\/\/boguc.eu\/#website","url":"https:\/\/boguc.eu\/","name":"Boguc Construction","description":"Sklejki i p\u0142yty szalunkowe, szalunki, rusztowania","potentialAction":[{"@type":"SearchAction","target":{"@type":"EntryPoint","urlTemplate":"https:\/\/boguc.eu\/?s={search_term_string}"},"query-input":{"@type":"PropertyValueSpecification","valueRequired":true,"valueName":"search_term_string"}}],"inLanguage":"en-GB"}]}},"_links":{"self":[{"href":"https:\/\/boguc.eu\/en\/wp-json\/wp\/v2\/product\/8042","targetHints":{"allow":["GET"]}}],"collection":[{"href":"https:\/\/boguc.eu\/en\/wp-json\/wp\/v2\/product"}],"about":[{"href":"https:\/\/boguc.eu\/en\/wp-json\/wp\/v2\/types\/product"}],"replies":[{"embeddable":true,"href":"https:\/\/boguc.eu\/en\/wp-json\/wp\/v2\/comments?post=8042"}],"wp:featuredmedia":[{"embeddable":true,"href":"https:\/\/boguc.eu\/en\/wp-json\/wp\/v2\/media\/8044"}],"wp:attachment":[{"href":"https:\/\/boguc.eu\/en\/wp-json\/wp\/v2\/media?parent=8042"}],"wp:term":[{"taxonomy":"product_brand","embeddable":true,"href":"https:\/\/boguc.eu\/en\/wp-json\/wp\/v2\/product_brand?post=8042"},{"taxonomy":"product_cat","embeddable":true,"href":"https:\/\/boguc.eu\/en\/wp-json\/wp\/v2\/product_cat?post=8042"},{"taxonomy":"product_tag","embeddable":true,"href":"https:\/\/boguc.eu\/en\/wp-json\/wp\/v2\/product_tag?post=8042"}],"curies":[{"name":"wp","href":"https:\/\/api.w.org\/{rel}","templated":true}]}}