{"id":7628,"date":"2022-09-10T14:53:02","date_gmt":"2022-09-10T12:53:02","guid":{"rendered":"https:\/\/boguc.eu\/rusztowanie-przejezdne-top-system-faraone-135\/"},"modified":"2022-09-29T12:52:23","modified_gmt":"2022-09-29T10:52:23","slug":"rusztowanie-przejezdne-top-system-faraone-135","status":"publish","type":"product","link":"https:\/\/boguc.eu\/en\/rusztowanie-przejezdne-top-system-faraone-135\/","title":{"rendered":"Rusztowanie przejezdne Top System &#8211; szer. podst. 135cm"},"content":{"rendered":"<h1 style=\"font-size: 16px;\"><strong>Rusztowanie przejezdne Top System Faraone &#8211; szeroko\u015bci podstawy 135cm<\/strong><\/h1>\n<ul>\n<li>Wysoko\u015b\u0107 robocza od <strong>3,40m do 13,40m<\/strong><\/li>\n<li>Wymiary podstawy do wyboru:<strong> 135x180xm, 135x245cm, 135x300cm<\/strong><\/li>\n<li>St\u0119\u017cenia i barierki s\u0105 \u0142atwo i szybko montowane za pomoc\u0105 <strong>hak\u00f3w zaciskowych<\/strong><\/li>\n<li><strong>Mocowanie szczebli jest ze stali nierdzewnej i bez spawania<\/strong>, co poprawia stabilno\u015b\u0107 rusztowania o 50% i przed\u0142u\u017ca jego \u017cywotno\u015b\u0107.<\/li>\n<li><strong>Antypo\u015blizgowy podest<\/strong> i w\u0142azy zwi\u0119kszaj\u0105 bezpiecze\u0144stwo pracy na rusztowaniu<\/li>\n<li><strong>Stopnie maj\u0105 szeroko\u015b\u0107 13cm<\/strong>, co gwarantuje du\u017c\u0105 wytrzyma\u0142o\u015b\u0107 i bezpiecze\u0144stwo.<\/li>\n<li>Rusztowanie Top System jest wyposa\u017cone w<strong> ko\u0142a o wysokiej wytrzyma\u0142o\u015bci i \u015brednicy 200mm<\/strong> &#8211; z osiowym hamulcem i systemem poziomowania. Ma te\u017c ko\u0142a 125 mm &#8211; do u\u017cytku wewn\u0119trznego.<\/li>\n<li>Nowe poprzeczki gwarantuj\u0105 bezpiecze\u0144stwo i szybk\u0105 prac\u0119<\/li>\n<li>Posiadaj\u0105<strong> 4-stopniow\u0105 ram\u0119<\/strong><\/li>\n<li>Opcjonalnie istnieje mo\u017cliwo\u015b\u0107 monta\u017cu elektrycznego systemu podnoszenia \u0142adunk\u00f3w HWT, kt\u00f3ry jest idealnym rozwi\u0105zaniem przy wykonywaniu prac instalacyjnych czy monta\u017cowych<\/li>\n<\/ul>\n<p>&nbsp;<\/p>\n<p style=\"color: #e84d0e;\">W celu zakupu rusztowania nale\u017cy wybra\u0107 konkretny numer katalogowy z pola wyboru (znajduj\u0105cego si\u0119 pod cen\u0105). Je\u015bli numer katalogowy w tabeli jest ma\u0142o czytelny mo\u017cna klikn\u0105\u0107 t\u0105 sam\u0105 tabel\u0119 z galerii produktu (pod zdj\u0119ciem g\u0142\u00f3wnym) \u2013 gdzie mo\u017cna powi\u0119kszy\u0107 j\u0105 klikaj\u0105c lupk\u0119 w prawym g\u00f3rnym rogu.<\/p>\n<p><img loading=\"lazy\" decoding=\"async\" class=\"aligncenter wp-image-5665 size-full\" src=\"https:\/\/www.boguc.eu\/\/wp-content\/uploads\/2022\/09\/tabele-d-f-faraone.jpg\" alt=\"Rusztowania Top System Faraone tabela\" width=\"614\" height=\"1239\" \/><\/p>\n<p><img loading=\"lazy\" decoding=\"async\" class=\"aligncenter wp-image-5588 size-full\" src=\"https:\/\/www.boguc.eu\/\/wp-content\/uploads\/2022\/09\/certyfikat-faraone-1.jpg\" alt=\"Ceryfikaty Faraone\" width=\"456\" height=\"142\" \/><\/p>\n<p>Zobacz te\u017c rusztowania przejezdne firmy <a href=\"https:\/\/boguc.eu\/en\/rusztowania-przejezdne\/krause\/\" target=\"_blank\" rel=\"noopener\">Krause<\/a>.<\/p>","protected":false},"excerpt":{"rendered":"<p>Wysoko\u015b\u0107 robocza od 3,40m do 13,40m<br \/>\nWymiary podstawy:<strong> 135x180xm, 135x245cm, 135x300cm<\/strong><br \/>\nAntypo\u015blizgowy podest<br \/>\nKo\u0142a o wysokiej wytrzyma\u0142o\u015bci i \u015brednicy 200mm<br \/>\n4-stopniowa rama<br \/>\nMocowanie szczebli ze stali nierdzewnej i bez spawania<\/p>","protected":false},"featured_media":7630,"comment_status":"closed","ping_status":"open","template":"","meta":{"_acf_changed":false},"product_brand":[],"product_cat":[824,549,638],"product_tag":[],"class_list":{"0":"post-7628","1":"product","2":"type-product","3":"status-publish","4":"has-post-thumbnail","6":"product_cat-rusztowania-jezdne-faraone","7":"product_cat-rusztowania-budowlane","8":"product_cat-rusztowania-przejezdne","9":"pa_brand-faraone","10":"pa_grubosc-no","11":"pa_podaj-numer-katalogowy-d1-104","12":"pa_podaj-numer-katalogowy-d1-114","13":"pa_podaj-numer-katalogowy-d1-124","14":"pa_podaj-numer-katalogowy-d1-24","15":"pa_podaj-numer-katalogowy-d1-34","16":"pa_podaj-numer-katalogowy-d1-44","17":"pa_podaj-numer-katalogowy-d1-54","18":"pa_podaj-numer-katalogowy-d1-64","19":"pa_podaj-numer-katalogowy-d1-74","20":"pa_podaj-numer-katalogowy-d1-84","21":"pa_podaj-numer-katalogowy-d1-94","22":"pa_podaj-numer-katalogowy-e1-104","23":"pa_podaj-numer-katalogowy-e1-114","24":"pa_podaj-numer-katalogowy-e1-124","25":"pa_podaj-numer-katalogowy-e1-24","26":"pa_podaj-numer-katalogowy-e1-34","27":"pa_podaj-numer-katalogowy-e1-44","28":"pa_podaj-numer-katalogowy-e1-54","29":"pa_podaj-numer-katalogowy-e1-64","30":"pa_podaj-numer-katalogowy-e1-74","31":"pa_podaj-numer-katalogowy-e1-84","32":"pa_podaj-numer-katalogowy-e1-94","33":"pa_podaj-numer-katalogowy-f1-104","34":"pa_podaj-numer-katalogowy-f1-114","35":"pa_podaj-numer-katalogowy-f1-124","36":"pa_podaj-numer-katalogowy-f1-24","37":"pa_podaj-numer-katalogowy-f1-34","38":"pa_podaj-numer-katalogowy-f1-44","39":"pa_podaj-numer-katalogowy-f1-54","40":"pa_podaj-numer-katalogowy-f1-64","41":"pa_podaj-numer-katalogowy-f1-74","42":"pa_podaj-numer-katalogowy-f1-84","43":"pa_podaj-numer-katalogowy-f1-94","45":"first","46":"onbackorder","47":"product-type-variable"},"acf":[],"yoast_head":"<!-- This site is optimized with the Yoast SEO plugin v27.3 - https:\/\/yoast.com\/product\/yoast-seo-wordpress\/ -->\n<title>Rusztowanie przejezdne Top System Faraone - szer. podstawy 135cm<\/title>\n<meta name=\"description\" content=\"Rusztowanie przejezdne Top System Faraone - szer. podstawy 135cm. Wys. robocza od 3,40m - 13,40m. Wymiary podstawy do wyboru: 135x180xm, 135x245, 135x300cm.\" \/>\n<meta name=\"robots\" content=\"index, follow, max-snippet:-1, max-image-preview:large, max-video-preview:-1\" \/>\n<link rel=\"canonical\" href=\"https:\/\/boguc.eu\/en\/rusztowanie-przejezdne-top-system-faraone-135\/\" \/>\n<meta property=\"og:locale\" content=\"en_GB\" \/>\n<meta property=\"og:type\" content=\"article\" \/>\n<meta property=\"og:title\" content=\"Rusztowanie przejezdne Top System Faraone - szer. podstawy 135cm\" \/>\n<meta property=\"og:description\" content=\"Rusztowanie przejezdne Top System Faraone - szer. podstawy 135cm. Wys. robocza od 3,40m - 13,40m. Wymiary podstawy do wyboru: 135x180xm, 135x245, 135x300cm.\" \/>\n<meta property=\"og:url\" content=\"https:\/\/boguc.eu\/en\/rusztowanie-przejezdne-top-system-faraone-135\/\" \/>\n<meta property=\"og:site_name\" content=\"Boguc Construction\" \/>\n<meta property=\"article:modified_time\" content=\"2022-09-29T10:52:23+00:00\" \/>\n<meta property=\"og:image\" content=\"https:\/\/boguc.eu\/wp-content\/uploads\/2022\/09\/rusztowanie-top-system-135-3.jpg\" \/>\n\t<meta property=\"og:image:width\" content=\"640\" \/>\n\t<meta property=\"og:image:height\" content=\"587\" \/>\n\t<meta property=\"og:image:type\" content=\"image\/jpeg\" \/>\n<meta name=\"twitter:card\" content=\"summary_large_image\" \/>\n<meta name=\"twitter:label1\" content=\"Estimated reading time\" \/>\n\t<meta name=\"twitter:data1\" content=\"1 minute\" \/>\n<script type=\"application\/ld+json\" class=\"yoast-schema-graph\">{\"@context\":\"https:\\\/\\\/schema.org\",\"@graph\":[{\"@type\":\"WebPage\",\"@id\":\"https:\\\/\\\/boguc.eu\\\/rusztowanie-przejezdne-top-system-faraone-135\\\/\",\"url\":\"https:\\\/\\\/boguc.eu\\\/rusztowanie-przejezdne-top-system-faraone-135\\\/\",\"name\":\"Rusztowanie przejezdne Top System Faraone - szer. podstawy 135cm\",\"isPartOf\":{\"@id\":\"https:\\\/\\\/boguc.eu\\\/#website\"},\"primaryImageOfPage\":{\"@id\":\"https:\\\/\\\/boguc.eu\\\/rusztowanie-przejezdne-top-system-faraone-135\\\/#primaryimage\"},\"image\":{\"@id\":\"https:\\\/\\\/boguc.eu\\\/rusztowanie-przejezdne-top-system-faraone-135\\\/#primaryimage\"},\"thumbnailUrl\":\"https:\\\/\\\/boguc.eu\\\/wp-content\\\/uploads\\\/2022\\\/09\\\/rusztowanie-top-system-135-3.jpg\",\"datePublished\":\"2022-09-10T12:53:02+00:00\",\"dateModified\":\"2022-09-29T10:52:23+00:00\",\"description\":\"Rusztowanie przejezdne Top System Faraone - szer. podstawy 135cm. Wys. robocza od 3,40m - 13,40m. Wymiary podstawy do wyboru: 135x180xm, 135x245, 135x300cm.\",\"breadcrumb\":{\"@id\":\"https:\\\/\\\/boguc.eu\\\/rusztowanie-przejezdne-top-system-faraone-135\\\/#breadcrumb\"},\"inLanguage\":\"en-GB\",\"potentialAction\":[{\"@type\":\"ReadAction\",\"target\":[\"https:\\\/\\\/boguc.eu\\\/rusztowanie-przejezdne-top-system-faraone-135\\\/\"]}]},{\"@type\":\"ImageObject\",\"inLanguage\":\"en-GB\",\"@id\":\"https:\\\/\\\/boguc.eu\\\/rusztowanie-przejezdne-top-system-faraone-135\\\/#primaryimage\",\"url\":\"https:\\\/\\\/boguc.eu\\\/wp-content\\\/uploads\\\/2022\\\/09\\\/rusztowanie-top-system-135-3.jpg\",\"contentUrl\":\"https:\\\/\\\/boguc.eu\\\/wp-content\\\/uploads\\\/2022\\\/09\\\/rusztowanie-top-system-135-3.jpg\",\"width\":640,\"height\":587,\"caption\":\"Rusztowanie Top System 135 przejezdne sklep online\"},{\"@type\":\"BreadcrumbList\",\"@id\":\"https:\\\/\\\/boguc.eu\\\/rusztowanie-przejezdne-top-system-faraone-135\\\/#breadcrumb\",\"itemListElement\":[{\"@type\":\"ListItem\",\"position\":1,\"name\":\"Strona g\u0142\u00f3wna\",\"item\":\"https:\\\/\\\/boguc.eu\\\/\"},{\"@type\":\"ListItem\",\"position\":2,\"name\":\"Sklep Online\",\"item\":\"https:\\\/\\\/boguc.eu\\\/sklep\\\/\"},{\"@type\":\"ListItem\",\"position\":3,\"name\":\"Rusztowanie przejezdne Top System &#8211; szer. podst. 135cm\"}]},{\"@type\":\"WebSite\",\"@id\":\"https:\\\/\\\/boguc.eu\\\/#website\",\"url\":\"https:\\\/\\\/boguc.eu\\\/\",\"name\":\"Boguc Construction\",\"description\":\"Sklejki i p\u0142yty szalunkowe, szalunki, rusztowania\",\"potentialAction\":[{\"@type\":\"SearchAction\",\"target\":{\"@type\":\"EntryPoint\",\"urlTemplate\":\"https:\\\/\\\/boguc.eu\\\/?s={search_term_string}\"},\"query-input\":{\"@type\":\"PropertyValueSpecification\",\"valueRequired\":true,\"valueName\":\"search_term_string\"}}],\"inLanguage\":\"en-GB\"}]}<\/script>\n<!-- \/ Yoast SEO plugin. -->","yoast_head_json":{"title":"Rusztowanie przejezdne Top System Faraone - szer. podstawy 135cm","description":"Rusztowanie przejezdne Top System Faraone - szer. podstawy 135cm. Wys. robocza od 3,40m - 13,40m. Wymiary podstawy do wyboru: 135x180xm, 135x245, 135x300cm.","robots":{"index":"index","follow":"follow","max-snippet":"max-snippet:-1","max-image-preview":"max-image-preview:large","max-video-preview":"max-video-preview:-1"},"canonical":"https:\/\/boguc.eu\/en\/rusztowanie-przejezdne-top-system-faraone-135\/","og_locale":"en_GB","og_type":"article","og_title":"Rusztowanie przejezdne Top System Faraone - szer. podstawy 135cm","og_description":"Rusztowanie przejezdne Top System Faraone - szer. podstawy 135cm. Wys. robocza od 3,40m - 13,40m. Wymiary podstawy do wyboru: 135x180xm, 135x245, 135x300cm.","og_url":"https:\/\/boguc.eu\/en\/rusztowanie-przejezdne-top-system-faraone-135\/","og_site_name":"Boguc Construction","article_modified_time":"2022-09-29T10:52:23+00:00","og_image":[{"width":640,"height":587,"url":"https:\/\/boguc.eu\/wp-content\/uploads\/2022\/09\/rusztowanie-top-system-135-3.jpg","type":"image\/jpeg"}],"twitter_card":"summary_large_image","twitter_misc":{"Estimated reading time":"1 minute"},"schema":{"@context":"https:\/\/schema.org","@graph":[{"@type":"WebPage","@id":"https:\/\/boguc.eu\/rusztowanie-przejezdne-top-system-faraone-135\/","url":"https:\/\/boguc.eu\/rusztowanie-przejezdne-top-system-faraone-135\/","name":"Rusztowanie przejezdne Top System Faraone - szer. podstawy 135cm","isPartOf":{"@id":"https:\/\/boguc.eu\/#website"},"primaryImageOfPage":{"@id":"https:\/\/boguc.eu\/rusztowanie-przejezdne-top-system-faraone-135\/#primaryimage"},"image":{"@id":"https:\/\/boguc.eu\/rusztowanie-przejezdne-top-system-faraone-135\/#primaryimage"},"thumbnailUrl":"https:\/\/boguc.eu\/wp-content\/uploads\/2022\/09\/rusztowanie-top-system-135-3.jpg","datePublished":"2022-09-10T12:53:02+00:00","dateModified":"2022-09-29T10:52:23+00:00","description":"Rusztowanie przejezdne Top System Faraone - szer. podstawy 135cm. Wys. robocza od 3,40m - 13,40m. Wymiary podstawy do wyboru: 135x180xm, 135x245, 135x300cm.","breadcrumb":{"@id":"https:\/\/boguc.eu\/rusztowanie-przejezdne-top-system-faraone-135\/#breadcrumb"},"inLanguage":"en-GB","potentialAction":[{"@type":"ReadAction","target":["https:\/\/boguc.eu\/rusztowanie-przejezdne-top-system-faraone-135\/"]}]},{"@type":"ImageObject","inLanguage":"en-GB","@id":"https:\/\/boguc.eu\/rusztowanie-przejezdne-top-system-faraone-135\/#primaryimage","url":"https:\/\/boguc.eu\/wp-content\/uploads\/2022\/09\/rusztowanie-top-system-135-3.jpg","contentUrl":"https:\/\/boguc.eu\/wp-content\/uploads\/2022\/09\/rusztowanie-top-system-135-3.jpg","width":640,"height":587,"caption":"Rusztowanie Top System 135 przejezdne sklep online"},{"@type":"BreadcrumbList","@id":"https:\/\/boguc.eu\/rusztowanie-przejezdne-top-system-faraone-135\/#breadcrumb","itemListElement":[{"@type":"ListItem","position":1,"name":"Strona g\u0142\u00f3wna","item":"https:\/\/boguc.eu\/"},{"@type":"ListItem","position":2,"name":"Sklep Online","item":"https:\/\/boguc.eu\/sklep\/"},{"@type":"ListItem","position":3,"name":"Rusztowanie przejezdne Top System &#8211; szer. podst. 135cm"}]},{"@type":"WebSite","@id":"https:\/\/boguc.eu\/#website","url":"https:\/\/boguc.eu\/","name":"Boguc Construction","description":"Sklejki i p\u0142yty szalunkowe, szalunki, rusztowania","potentialAction":[{"@type":"SearchAction","target":{"@type":"EntryPoint","urlTemplate":"https:\/\/boguc.eu\/?s={search_term_string}"},"query-input":{"@type":"PropertyValueSpecification","valueRequired":true,"valueName":"search_term_string"}}],"inLanguage":"en-GB"}]}},"_links":{"self":[{"href":"https:\/\/boguc.eu\/en\/wp-json\/wp\/v2\/product\/7628","targetHints":{"allow":["GET"]}}],"collection":[{"href":"https:\/\/boguc.eu\/en\/wp-json\/wp\/v2\/product"}],"about":[{"href":"https:\/\/boguc.eu\/en\/wp-json\/wp\/v2\/types\/product"}],"replies":[{"embeddable":true,"href":"https:\/\/boguc.eu\/en\/wp-json\/wp\/v2\/comments?post=7628"}],"wp:featuredmedia":[{"embeddable":true,"href":"https:\/\/boguc.eu\/en\/wp-json\/wp\/v2\/media\/7630"}],"wp:attachment":[{"href":"https:\/\/boguc.eu\/en\/wp-json\/wp\/v2\/media?parent=7628"}],"wp:term":[{"taxonomy":"product_brand","embeddable":true,"href":"https:\/\/boguc.eu\/en\/wp-json\/wp\/v2\/product_brand?post=7628"},{"taxonomy":"product_cat","embeddable":true,"href":"https:\/\/boguc.eu\/en\/wp-json\/wp\/v2\/product_cat?post=7628"},{"taxonomy":"product_tag","embeddable":true,"href":"https:\/\/boguc.eu\/en\/wp-json\/wp\/v2\/product_tag?post=7628"}],"curies":[{"name":"wp","href":"https:\/\/api.w.org\/{rel}","templated":true}]}}