{"id":6721,"date":"2022-09-10T14:49:06","date_gmt":"2022-09-10T12:49:06","guid":{"rendered":"https:\/\/boguc.eu\/podstawa-srubowa-w60\/"},"modified":"2022-11-16T09:08:55","modified_gmt":"2022-11-16T08:08:55","slug":"podstawa-srubowa-w60","status":"publish","type":"product","link":"https:\/\/boguc.eu\/en\/podstawa-srubowa-w60\/","title":{"rendered":"Podstawa \u015brubowa do wie\u017cy wyporowej"},"content":{"rendered":"<p>Podstawa \u015brubowa W60<br \/>\nPodstawowym elementem systemu rusztowa\u0144 jest stopa rusztowania. Stosuje si\u0119 j\u0105 zar\u00f3wno w szalunkach stropowych, jak i w wie\u017cach wyporowych.<br \/>\nTo w\u0142a\u015bnie stopa rusztowania jest pierwszym elementem wie\u017cy podporowej, kt\u00f3ry utrzymuje konstrukcj\u0119 w stabilnej pozycji. P\u0142yta podstawki wyr\u00f3wnuje nachylenie, a \u015brubowa regulacja umo\u017cliwia niwelowanie uskok\u00f3w pod\u0142o\u017ca.<br \/>\nOd obci\u0105\u017cenia jakie mo\u017ce przyj\u0105\u0107 pojedyncza stopa zale\u017cy wysoko\u015b\u0107 konstrukcji, jej stabilno\u015b\u0107 oraz bezpiecze\u0144stwo na placu budowy.<\/p>\n<p><span style=\"color: #ffcc00;\"><a style=\"color: #ffcc00;\" href=\"https:\/\/boguc.eu\/wieze-wyporowe\/\">Sprawd\u017a ca\u0142\u0105 ofert\u0119 na elementy do wie\u017cy wyporowej<\/a><\/span><\/p>\n<p>Element wykonany ze stali ocynkowanej, jest odporny na zmienne warunki atmosferyczne i nie wymaga konserwacji. Otwory w p\u0142ycie podstawy umo\u017cliwiaj\u0105 zamontowanie k\u00f3\u0142ek lub zakotwiczenie do pod\u0142o\u017ca.<\/p>\n<p><a href=\"https:\/\/boguc.eu\/uzywane-skup-sprzedaz\/\"><picture><source srcset=\"https:\/\/boguc.eu\/wp-content\/webp-express\/webp-images\/uploads\/2022\/08\/boguc-eu-sprzedaz-uzywanych-szalunkow-wynajem.jpg.webp 1426w, https:\/\/boguc.eu\/wp-content\/webp-express\/webp-images\/uploads\/2022\/08\/boguc-eu-sprzedaz-uzywanych-szalunkow-wynajem-300x90.jpg.webp 300w, https:\/\/boguc.eu\/wp-content\/webp-express\/webp-images\/uploads\/2022\/08\/boguc-eu-sprzedaz-uzywanych-szalunkow-wynajem-1024x309.jpg.webp 1024w, https:\/\/boguc.eu\/wp-content\/webp-express\/webp-images\/uploads\/2022\/08\/boguc-eu-sprzedaz-uzywanych-szalunkow-wynajem-768x232.jpg.webp 768w, https:\/\/boguc.eu\/wp-content\/webp-express\/webp-images\/uploads\/2022\/08\/boguc-eu-sprzedaz-uzywanych-szalunkow-wynajem-18x5.jpg.webp 18w, https:\/\/boguc.eu\/wp-content\/webp-express\/webp-images\/uploads\/2022\/08\/boguc-eu-sprzedaz-uzywanych-szalunkow-wynajem-600x181.jpg.webp 600w\" sizes=\"auto, (max-width: 1426px) 100vw, 1426px\" type=\"image\/webp\"><img loading=\"lazy\" decoding=\"async\" class=\"alignnone size-full wp-image-9083 webpexpress-processed\" src=\"https:\/\/boguc.eu\/wp-content\/uploads\/2022\/08\/boguc-eu-sprzedaz-uzywanych-szalunkow-wynajem.jpg\" alt=\"Wynajem i sprzeda\u017c szalunk\u00f3w\" width=\"1426\" height=\"430\" srcset=\"https:\/\/boguc.eu\/wp-content\/uploads\/2022\/08\/boguc-eu-sprzedaz-uzywanych-szalunkow-wynajem.jpg 1426w, https:\/\/boguc.eu\/wp-content\/uploads\/2022\/08\/boguc-eu-sprzedaz-uzywanych-szalunkow-wynajem-300x90.jpg 300w, https:\/\/boguc.eu\/wp-content\/uploads\/2022\/08\/boguc-eu-sprzedaz-uzywanych-szalunkow-wynajem-1024x309.jpg 1024w, https:\/\/boguc.eu\/wp-content\/uploads\/2022\/08\/boguc-eu-sprzedaz-uzywanych-szalunkow-wynajem-768x232.jpg 768w, https:\/\/boguc.eu\/wp-content\/uploads\/2022\/08\/boguc-eu-sprzedaz-uzywanych-szalunkow-wynajem-18x5.jpg 18w, https:\/\/boguc.eu\/wp-content\/uploads\/2022\/08\/boguc-eu-sprzedaz-uzywanych-szalunkow-wynajem-600x181.jpg 600w\" sizes=\"auto, (max-width: 1426px) 100vw, 1426px\"><\/picture><\/a><\/p>\n<p>Umieszczone zdj\u0119cia s\u0105 pogl\u0105dowe. Kolory przedstawione na zdj\u0119ciach mog\u0105 si\u0119 r\u00f3\u017cni\u0107 od tych w rzeczywisto\u015bci.<\/p>\n<p><strong>Nasi handlowcy ch\u0119tnie pomog\u0105 w obliczeniach dotycz\u0105cych ilo\u015bci potrzebnych na budowie<\/strong>.\u00a0<strong>Je\u015bli masz pytania na temat tego produktu prosimy o kontakt pod nr +48 22 810 10 06 lub poprzez formularz.\u00a0<\/strong><\/p>\n<div class=\"wpforms-container wpforms-container-full\" id=\"wpforms-5345\"><form id=\"wpforms-form-5345\" class=\"wpforms-validate wpforms-form\" data-formid=\"5345\" method=\"post\" enctype=\"multipart\/form-data\" action=\"\/en\/wp-json\/wp\/v2\/product\/6721\" data-token=\"aa853a7477c7acc96cc9480684c39079\" data-token-time=\"1777670403\"><noscript class=\"wpforms-error-noscript\">Please enable JavaScript in your browser to complete this form.<\/noscript><div class=\"wpforms-field-container\"><div id=\"wpforms-5345-field_0-container\" class=\"wpforms-field wpforms-field-name\" data-field-id=\"0\"><label class=\"wpforms-field-label\" for=\"wpforms-5345-field_0\">Imi\u0119 i nazwisko <span class=\"wpforms-required-label\">*<\/span><\/label><div class=\"wpforms-field-row wpforms-field-large\"><div class=\"wpforms-field-row-block wpforms-first wpforms-one-half\"><input type=\"text\" id=\"wpforms-5345-field_0\" class=\"wpforms-field-name-first wpforms-field-required\" name=\"wpforms[fields][0][first]\" placeholder=\"Imi\u0119\" required><label for=\"wpforms-5345-field_0\" class=\"wpforms-field-sublabel after wpforms-sublabel-hide\">First<\/label><\/div><div class=\"wpforms-field-row-block wpforms-one-half\"><input type=\"text\" id=\"wpforms-5345-field_0-last\" class=\"wpforms-field-name-last wpforms-field-required\" name=\"wpforms[fields][0][last]\" placeholder=\"Nazwisko\" required><label for=\"wpforms-5345-field_0-last\" class=\"wpforms-field-sublabel after wpforms-sublabel-hide\">Last<\/label><\/div><\/div><\/div><div id=\"wpforms-5345-field_7-container\" class=\"wpforms-field wpforms-field-text wpforms-one-half wpforms-first\" data-field-id=\"7\"><label class=\"wpforms-field-label\" for=\"wpforms-5345-field_7\">NIP firmy<\/label><input type=\"text\" id=\"wpforms-5345-field_7\" class=\"wpforms-field-large\" name=\"wpforms[fields][7]\" ><\/div><div id=\"wpforms-5345-field_4-container\" class=\"wpforms-field wpforms-field-text wpforms-one-half wpforms-second\" data-field-id=\"4\"><label class=\"wpforms-field-label\" for=\"wpforms-5345-field_4\">Telefon <span class=\"wpforms-required-label\">*<\/span><\/label><input type=\"text\" id=\"wpforms-5345-field_4\" class=\"wpforms-field-large wpforms-field-required\" name=\"wpforms[fields][4]\" required><\/div><div id=\"wpforms-5345-field_1-container\" class=\"wpforms-field wpforms-field-email\" data-field-id=\"1\"><label class=\"wpforms-field-label\" for=\"wpforms-5345-field_1\">E-mail <span class=\"wpforms-required-label\">*<\/span><\/label><input type=\"email\" id=\"wpforms-5345-field_1\" class=\"wpforms-field-large wpforms-field-required\" name=\"wpforms[fields][1]\" spellcheck=\"false\" required><\/div><div id=\"wpforms-5345-field_2-container\" class=\"wpforms-field wpforms-field-textarea\" data-field-id=\"2\"><label class=\"wpforms-field-label\" for=\"wpforms-5345-field_2\">Wiadomo\u015b\u0107 <span class=\"wpforms-required-label\">*<\/span><\/label><textarea id=\"wpforms-5345-field_2\" class=\"wpforms-field-small wpforms-field-required\" name=\"wpforms[fields][2]\" required><\/textarea><\/div><div id=\"wpforms-5345-field_3-container\" class=\"wpforms-field wpforms-field-checkbox font-size 12px\" data-field-id=\"3\"><label class=\"wpforms-field-label wpforms-label-hide\">Zgoda <span class=\"wpforms-required-label\">*<\/span><\/label><ul id=\"wpforms-5345-field_3\" class=\"wpforms-field-required\"><li class=\"choice-1 depth-1\"><input type=\"checkbox\" id=\"wpforms-5345-field_3_1\" name=\"wpforms[fields][3][]\" value=\"Wyra\u017cam zgod\u0119 na przetwarzanie danych osobowych zgodnie z &lt;a href=&quot;https:\/\/boguc.eu\/privacy-policy\/&quot;&gt;Polityk\u0105 Prywatno\u015bci&lt;\/a&gt; w celu obs\u0142ugi zapytania, w tym kontakt telefoniczny lub mailowy.\" required ><label class=\"wpforms-field-label-inline\" for=\"wpforms-5345-field_3_1\">Wyra\u017cam zgod\u0119 na przetwarzanie danych osobowych zgodnie z <a href=\"https:\/\/boguc.eu\/privacy-policy\/\">Polityk\u0105 Prywatno\u015bci<\/a> w celu obs\u0142ugi zapytania, w tym kontakt telefoniczny lub mailowy.<\/label><\/li><\/ul><\/div><\/div><!-- .wpforms-field-container --><div class=\"wpforms-field wpforms-field-hp\"><label for=\"wpforms-5345-field-hp\" class=\"wpforms-field-label\">Phone<\/label><input type=\"text\" name=\"wpforms[hp]\" id=\"wpforms-5345-field-hp\" class=\"wpforms-field-medium\"><\/div><div class=\"wpforms-recaptcha-container wpforms-is-turnstile\" ><div class=\"wpforms-turnstile\" data-sitekey=\"0x4AAAAAACfHLifgNHCBiiHd\" data-action=\"FormID-5345\"><\/div><input type=\"text\" name=\"g-recaptcha-hidden\" class=\"wpforms-recaptcha-hidden\" style=\"position:absolute!important;clip:rect(0,0,0,0)!important;height:1px!important;width:1px!important;border:0!important;overflow:hidden!important;padding:0!important;margin:0!important;\" data-rule-turnstile=\"1\"><\/div><div class=\"wpforms-submit-container\" ><input type=\"hidden\" name=\"wpforms[id]\" value=\"5345\"><input type=\"hidden\" name=\"page_title\" value=\"\"><input type=\"hidden\" name=\"page_url\" value=\"https:\/\/boguc.eu\/en\/wp-json\/wp\/v2\/product\/6721\"><input type=\"hidden\" name=\"url_referer\" value=\"\"><button type=\"submit\" name=\"wpforms[submit]\" id=\"wpforms-submit-5345\" class=\"wpforms-submit\" data-alt-text=\"Wysy\u0142am...\" data-submit-text=\"Wy\u015blij\" aria-live=\"assertive\" value=\"wpforms-submit\">Wy\u015blij<\/button><\/div><\/form><\/div>  <!-- .wpforms-container -->\n","protected":false},"excerpt":{"rendered":"<ul>\n<li>stal ocynkowana<\/li>\n<li>gwintowana<\/li>\n<li>regulowana<\/li>\n<\/ul>\n<p><strong>ZAPYTAJ O CEN\u0118<\/strong><br \/>\n<strong>Tel: +48 22 810 10 06<\/strong><br \/>\n<strong>E-mail: info@boguc.eu<\/strong><\/p>","protected":false},"featured_media":9198,"comment_status":"closed","ping_status":"closed","template":"","meta":{"_acf_changed":false},"product_brand":[],"product_cat":[461,474,460],"product_tag":[1041,1195,1150,1040,1211],"class_list":{"0":"post-6721","1":"product","2":"type-product","3":"status-publish","4":"has-post-thumbnail","6":"product_cat-wieza-wyporowa-w40","7":"product_cat-wieza-wyporowa-w60","8":"product_cat-wieze-wyporowe","9":"product_tag-podstawa-srubowa","10":"product_tag-podstawa-wyporowa","11":"product_tag-podstawka-srubowa","12":"product_tag-stopa-rusztowania","13":"product_tag-stopa-wiezy-oporowej","14":"pa_grubosc-no","16":"first","17":"onbackorder","18":"product-type-simple"},"acf":[],"yoast_head":"<!-- This site is optimized with the Yoast SEO plugin v27.3 - https:\/\/yoast.com\/product\/yoast-seo-wordpress\/ -->\n<title>Podstawa \u015brubowa do wie\u017cy wyporowej - Boguc Construction<\/title>\n<meta name=\"description\" content=\"Podstawa \u015brubowa, gwintowana, reguluje uskoki pod\u0142o\u017ca. Sprzeda\u017c i wynajem ca\u0142ego systemu rusztowa\u0144, szalunk\u00f3w. Szybka dostawa. Konkurencyjne ceny\" \/>\n<meta name=\"robots\" content=\"index, follow, max-snippet:-1, max-image-preview:large, max-video-preview:-1\" \/>\n<link rel=\"canonical\" href=\"https:\/\/boguc.eu\/en\/podstawa-srubowa-w60\/\" \/>\n<meta property=\"og:locale\" content=\"en_GB\" \/>\n<meta property=\"og:type\" content=\"article\" \/>\n<meta property=\"og:title\" content=\"Podstawa \u015brubowa do wie\u017cy wyporowej - Boguc Construction\" \/>\n<meta property=\"og:description\" content=\"Podstawa \u015brubowa, gwintowana, reguluje uskoki pod\u0142o\u017ca. Sprzeda\u017c i wynajem ca\u0142ego systemu rusztowa\u0144, szalunk\u00f3w. Szybka dostawa. Konkurencyjne ceny\" \/>\n<meta property=\"og:url\" content=\"https:\/\/boguc.eu\/en\/podstawa-srubowa-w60\/\" \/>\n<meta property=\"og:site_name\" content=\"Boguc Construction\" \/>\n<meta property=\"article:modified_time\" content=\"2022-11-16T08:08:55+00:00\" \/>\n<meta property=\"og:image\" content=\"https:\/\/boguc.eu\/wp-content\/uploads\/2022\/09\/boguc-eu-podstawa-srubowa-do-wiezy-1.jpg\" \/>\n\t<meta property=\"og:image:width\" content=\"453\" \/>\n\t<meta property=\"og:image:height\" content=\"462\" \/>\n\t<meta property=\"og:image:type\" content=\"image\/jpeg\" \/>\n<meta name=\"twitter:card\" content=\"summary_large_image\" \/>\n<meta name=\"twitter:label1\" content=\"Estimated reading time\" \/>\n\t<meta name=\"twitter:data1\" content=\"2 minutes\" \/>\n<script type=\"application\/ld+json\" class=\"yoast-schema-graph\">{\"@context\":\"https:\\\/\\\/schema.org\",\"@graph\":[{\"@type\":\"WebPage\",\"@id\":\"https:\\\/\\\/boguc.eu\\\/podstawa-srubowa-w60\\\/\",\"url\":\"https:\\\/\\\/boguc.eu\\\/podstawa-srubowa-w60\\\/\",\"name\":\"Podstawa \u015brubowa do wie\u017cy wyporowej - Boguc Construction\",\"isPartOf\":{\"@id\":\"https:\\\/\\\/boguc.eu\\\/#website\"},\"primaryImageOfPage\":{\"@id\":\"https:\\\/\\\/boguc.eu\\\/podstawa-srubowa-w60\\\/#primaryimage\"},\"image\":{\"@id\":\"https:\\\/\\\/boguc.eu\\\/podstawa-srubowa-w60\\\/#primaryimage\"},\"thumbnailUrl\":\"https:\\\/\\\/boguc.eu\\\/wp-content\\\/uploads\\\/2022\\\/09\\\/boguc-eu-podstawa-srubowa-do-wiezy-1.jpg\",\"datePublished\":\"2022-09-10T12:49:06+00:00\",\"dateModified\":\"2022-11-16T08:08:55+00:00\",\"description\":\"Podstawa \u015brubowa, gwintowana, reguluje uskoki pod\u0142o\u017ca. Sprzeda\u017c i wynajem ca\u0142ego systemu rusztowa\u0144, szalunk\u00f3w. Szybka dostawa. Konkurencyjne ceny\",\"breadcrumb\":{\"@id\":\"https:\\\/\\\/boguc.eu\\\/podstawa-srubowa-w60\\\/#breadcrumb\"},\"inLanguage\":\"en-GB\",\"potentialAction\":[{\"@type\":\"ReadAction\",\"target\":[\"https:\\\/\\\/boguc.eu\\\/podstawa-srubowa-w60\\\/\"]}]},{\"@type\":\"ImageObject\",\"inLanguage\":\"en-GB\",\"@id\":\"https:\\\/\\\/boguc.eu\\\/podstawa-srubowa-w60\\\/#primaryimage\",\"url\":\"https:\\\/\\\/boguc.eu\\\/wp-content\\\/uploads\\\/2022\\\/09\\\/boguc-eu-podstawa-srubowa-do-wiezy-1.jpg\",\"contentUrl\":\"https:\\\/\\\/boguc.eu\\\/wp-content\\\/uploads\\\/2022\\\/09\\\/boguc-eu-podstawa-srubowa-do-wiezy-1.jpg\",\"width\":453,\"height\":462,\"caption\":\"Podstawa \u015brubowa do wie\u017cy wyporowej sklep\"},{\"@type\":\"BreadcrumbList\",\"@id\":\"https:\\\/\\\/boguc.eu\\\/podstawa-srubowa-w60\\\/#breadcrumb\",\"itemListElement\":[{\"@type\":\"ListItem\",\"position\":1,\"name\":\"Strona g\u0142\u00f3wna\",\"item\":\"https:\\\/\\\/boguc.eu\\\/\"},{\"@type\":\"ListItem\",\"position\":2,\"name\":\"Sklep Online\",\"item\":\"https:\\\/\\\/boguc.eu\\\/sklep\\\/\"},{\"@type\":\"ListItem\",\"position\":3,\"name\":\"Podstawa \u015brubowa do wie\u017cy wyporowej\"}]},{\"@type\":\"WebSite\",\"@id\":\"https:\\\/\\\/boguc.eu\\\/#website\",\"url\":\"https:\\\/\\\/boguc.eu\\\/\",\"name\":\"Boguc Construction\",\"description\":\"Sklejki i p\u0142yty szalunkowe, szalunki, rusztowania\",\"potentialAction\":[{\"@type\":\"SearchAction\",\"target\":{\"@type\":\"EntryPoint\",\"urlTemplate\":\"https:\\\/\\\/boguc.eu\\\/?s={search_term_string}\"},\"query-input\":{\"@type\":\"PropertyValueSpecification\",\"valueRequired\":true,\"valueName\":\"search_term_string\"}}],\"inLanguage\":\"en-GB\"}]}<\/script>\n<!-- \/ Yoast SEO plugin. -->","yoast_head_json":{"title":"Podstawa \u015brubowa do wie\u017cy wyporowej - Boguc Construction","description":"Podstawa \u015brubowa, gwintowana, reguluje uskoki pod\u0142o\u017ca. Sprzeda\u017c i wynajem ca\u0142ego systemu rusztowa\u0144, szalunk\u00f3w. Szybka dostawa. Konkurencyjne ceny","robots":{"index":"index","follow":"follow","max-snippet":"max-snippet:-1","max-image-preview":"max-image-preview:large","max-video-preview":"max-video-preview:-1"},"canonical":"https:\/\/boguc.eu\/en\/podstawa-srubowa-w60\/","og_locale":"en_GB","og_type":"article","og_title":"Podstawa \u015brubowa do wie\u017cy wyporowej - Boguc Construction","og_description":"Podstawa \u015brubowa, gwintowana, reguluje uskoki pod\u0142o\u017ca. Sprzeda\u017c i wynajem ca\u0142ego systemu rusztowa\u0144, szalunk\u00f3w. Szybka dostawa. Konkurencyjne ceny","og_url":"https:\/\/boguc.eu\/en\/podstawa-srubowa-w60\/","og_site_name":"Boguc Construction","article_modified_time":"2022-11-16T08:08:55+00:00","og_image":[{"width":453,"height":462,"url":"https:\/\/boguc.eu\/wp-content\/uploads\/2022\/09\/boguc-eu-podstawa-srubowa-do-wiezy-1.jpg","type":"image\/jpeg"}],"twitter_card":"summary_large_image","twitter_misc":{"Estimated reading time":"2 minutes"},"schema":{"@context":"https:\/\/schema.org","@graph":[{"@type":"WebPage","@id":"https:\/\/boguc.eu\/podstawa-srubowa-w60\/","url":"https:\/\/boguc.eu\/podstawa-srubowa-w60\/","name":"Podstawa \u015brubowa do wie\u017cy wyporowej - Boguc Construction","isPartOf":{"@id":"https:\/\/boguc.eu\/#website"},"primaryImageOfPage":{"@id":"https:\/\/boguc.eu\/podstawa-srubowa-w60\/#primaryimage"},"image":{"@id":"https:\/\/boguc.eu\/podstawa-srubowa-w60\/#primaryimage"},"thumbnailUrl":"https:\/\/boguc.eu\/wp-content\/uploads\/2022\/09\/boguc-eu-podstawa-srubowa-do-wiezy-1.jpg","datePublished":"2022-09-10T12:49:06+00:00","dateModified":"2022-11-16T08:08:55+00:00","description":"Podstawa \u015brubowa, gwintowana, reguluje uskoki pod\u0142o\u017ca. Sprzeda\u017c i wynajem ca\u0142ego systemu rusztowa\u0144, szalunk\u00f3w. Szybka dostawa. Konkurencyjne ceny","breadcrumb":{"@id":"https:\/\/boguc.eu\/podstawa-srubowa-w60\/#breadcrumb"},"inLanguage":"en-GB","potentialAction":[{"@type":"ReadAction","target":["https:\/\/boguc.eu\/podstawa-srubowa-w60\/"]}]},{"@type":"ImageObject","inLanguage":"en-GB","@id":"https:\/\/boguc.eu\/podstawa-srubowa-w60\/#primaryimage","url":"https:\/\/boguc.eu\/wp-content\/uploads\/2022\/09\/boguc-eu-podstawa-srubowa-do-wiezy-1.jpg","contentUrl":"https:\/\/boguc.eu\/wp-content\/uploads\/2022\/09\/boguc-eu-podstawa-srubowa-do-wiezy-1.jpg","width":453,"height":462,"caption":"Podstawa \u015brubowa do wie\u017cy wyporowej sklep"},{"@type":"BreadcrumbList","@id":"https:\/\/boguc.eu\/podstawa-srubowa-w60\/#breadcrumb","itemListElement":[{"@type":"ListItem","position":1,"name":"Strona g\u0142\u00f3wna","item":"https:\/\/boguc.eu\/"},{"@type":"ListItem","position":2,"name":"Sklep Online","item":"https:\/\/boguc.eu\/sklep\/"},{"@type":"ListItem","position":3,"name":"Podstawa \u015brubowa do wie\u017cy wyporowej"}]},{"@type":"WebSite","@id":"https:\/\/boguc.eu\/#website","url":"https:\/\/boguc.eu\/","name":"Boguc Construction","description":"Sklejki i p\u0142yty szalunkowe, szalunki, rusztowania","potentialAction":[{"@type":"SearchAction","target":{"@type":"EntryPoint","urlTemplate":"https:\/\/boguc.eu\/?s={search_term_string}"},"query-input":{"@type":"PropertyValueSpecification","valueRequired":true,"valueName":"search_term_string"}}],"inLanguage":"en-GB"}]}},"_links":{"self":[{"href":"https:\/\/boguc.eu\/en\/wp-json\/wp\/v2\/product\/6721","targetHints":{"allow":["GET"]}}],"collection":[{"href":"https:\/\/boguc.eu\/en\/wp-json\/wp\/v2\/product"}],"about":[{"href":"https:\/\/boguc.eu\/en\/wp-json\/wp\/v2\/types\/product"}],"replies":[{"embeddable":true,"href":"https:\/\/boguc.eu\/en\/wp-json\/wp\/v2\/comments?post=6721"}],"wp:featuredmedia":[{"embeddable":true,"href":"https:\/\/boguc.eu\/en\/wp-json\/wp\/v2\/media\/9198"}],"wp:attachment":[{"href":"https:\/\/boguc.eu\/en\/wp-json\/wp\/v2\/media?parent=6721"}],"wp:term":[{"taxonomy":"product_brand","embeddable":true,"href":"https:\/\/boguc.eu\/en\/wp-json\/wp\/v2\/product_brand?post=6721"},{"taxonomy":"product_cat","embeddable":true,"href":"https:\/\/boguc.eu\/en\/wp-json\/wp\/v2\/product_cat?post=6721"},{"taxonomy":"product_tag","embeddable":true,"href":"https:\/\/boguc.eu\/en\/wp-json\/wp\/v2\/product_tag?post=6721"}],"curies":[{"name":"wp","href":"https:\/\/api.w.org\/{rel}","templated":true}]}}