{"id":6487,"date":"2022-09-10T14:48:18","date_gmt":"2022-09-10T12:48:18","guid":{"rendered":"https:\/\/boguc.eu\/naroznik-przegubowy-wewnetrzny-frbpw\/"},"modified":"2022-12-22T15:02:54","modified_gmt":"2022-12-22T14:02:54","slug":"naroznik-przegubowy-wewnetrzny-frbpw","status":"publish","type":"product","link":"https:\/\/boguc.eu\/en\/naroznik-przegubowy-wewnetrzny-frbpw\/","title":{"rendered":"Naro\u017cnik przegubowy wewn\u0119trzny FRBPW regulowany"},"content":{"rendered":"<p>Naro\u017cnik przegubowy wewn\u0119trzny FRBPW<\/p>\n<p><strong>System szalunkowy FrBox<\/strong> znajduje zastosowanie zar\u00f3wno w przypadku realizacji wielkowymiarowych oraz niedu\u017cych \u015bcian \u017celbetowych, fundament\u00f3w oraz s\u0142up\u00f3w. Dzi\u0119ki zastosowaniu wzmocnionych profili w konstrukcji ramy i \u017ceber p\u0142yty gwarantuj\u0105 wysok\u0105 odporno\u015b\u0107 na parcie betonu wynosz\u0105c\u0105 80 kN\/m2<\/p>\n<p><strong>Naro\u017cniki wewn\u0119trzne<\/strong> przeznaczone s\u0105 do szalowania wewn\u0119trznych naro\u017cy <strong>pod k\u0105tem 90\u00b0<\/strong>. Za pomoc\u0105 naro\u017cnik\u00f3w mo\u017cna formowa\u0107 naro\u017ca typu T, L oraz X. Naro\u017cnik posiada rami\u0119 o szeroko\u015bci 30cm.<\/p>\n<p><picture><source srcset=\"https:\/\/boguc.eu\/wp-content\/webp-express\/webp-images\/uploads\/2022\/09\/boguc-eu-naroznik-przegubowy-wewnetrzny-montaz.jpg.webp 677w, https:\/\/boguc.eu\/wp-content\/webp-express\/webp-images\/uploads\/2022\/09\/boguc-eu-naroznik-przegubowy-wewnetrzny-montaz-300x169.jpg.webp 300w, https:\/\/boguc.eu\/wp-content\/webp-express\/webp-images\/uploads\/2022\/09\/boguc-eu-naroznik-przegubowy-wewnetrzny-montaz-18x10.jpg.webp 18w, https:\/\/boguc.eu\/wp-content\/webp-express\/webp-images\/uploads\/2022\/09\/boguc-eu-naroznik-przegubowy-wewnetrzny-montaz-600x338.jpg.webp 600w\" sizes=\"auto, (max-width: 677px) 100vw, 677px\" type=\"image\/webp\"><img loading=\"lazy\" decoding=\"async\" class=\"wp-image-10010 size-full aligncenter webpexpress-processed\" src=\"https:\/\/boguc.eu\/wp-content\/uploads\/2022\/09\/boguc-eu-naroznik-przegubowy-wewnetrzny-montaz.jpg\" alt=\"\" width=\"677\" height=\"381\" srcset=\"https:\/\/boguc.eu\/wp-content\/uploads\/2022\/09\/boguc-eu-naroznik-przegubowy-wewnetrzny-montaz.jpg 677w, https:\/\/boguc.eu\/wp-content\/uploads\/2022\/09\/boguc-eu-naroznik-przegubowy-wewnetrzny-montaz-300x169.jpg 300w, https:\/\/boguc.eu\/wp-content\/uploads\/2022\/09\/boguc-eu-naroznik-przegubowy-wewnetrzny-montaz-18x10.jpg 18w, https:\/\/boguc.eu\/wp-content\/uploads\/2022\/09\/boguc-eu-naroznik-przegubowy-wewnetrzny-montaz-600x338.jpg 600w\" sizes=\"auto, (max-width: 677px) 100vw, 677px\"><\/picture><\/p>\n<p><strong>Nasi handlowcy ch\u0119tnie pomog\u0105 w obliczeniach dotycz\u0105cych ilo\u015bci potrzebnych na budowie<\/strong>.\u00a0<strong>Je\u015bli masz pytania na temat tego produktu prosimy o kontakt pod nr +48 22 810 10 06 lub poprzez formularz.<\/strong><\/p>\n<div class=\"wpforms-container wpforms-container-full\" id=\"wpforms-5345\"><form id=\"wpforms-form-5345\" class=\"wpforms-validate wpforms-form\" data-formid=\"5345\" method=\"post\" enctype=\"multipart\/form-data\" action=\"\/en\/wp-json\/wp\/v2\/product\/6487\" data-token=\"7b008caca1618608ff36c4bb80f50aa4\" data-token-time=\"1777692660\"><noscript class=\"wpforms-error-noscript\">Please enable JavaScript in your browser to complete this form.<\/noscript><div class=\"wpforms-field-container\"><div id=\"wpforms-5345-field_0-container\" class=\"wpforms-field wpforms-field-name\" data-field-id=\"0\"><label class=\"wpforms-field-label\" for=\"wpforms-5345-field_0\">Imi\u0119 i nazwisko <span class=\"wpforms-required-label\">*<\/span><\/label><div class=\"wpforms-field-row wpforms-field-large\"><div class=\"wpforms-field-row-block wpforms-first wpforms-one-half\"><input type=\"text\" id=\"wpforms-5345-field_0\" class=\"wpforms-field-name-first wpforms-field-required\" name=\"wpforms[fields][0][first]\" placeholder=\"Imi\u0119\" required><label for=\"wpforms-5345-field_0\" class=\"wpforms-field-sublabel after wpforms-sublabel-hide\">First<\/label><\/div><div class=\"wpforms-field-row-block wpforms-one-half\"><input type=\"text\" id=\"wpforms-5345-field_0-last\" class=\"wpforms-field-name-last wpforms-field-required\" name=\"wpforms[fields][0][last]\" placeholder=\"Nazwisko\" required><label for=\"wpforms-5345-field_0-last\" class=\"wpforms-field-sublabel after wpforms-sublabel-hide\">Last<\/label><\/div><\/div><\/div><div id=\"wpforms-5345-field_7-container\" class=\"wpforms-field wpforms-field-text wpforms-one-half wpforms-first\" data-field-id=\"7\"><label class=\"wpforms-field-label\" for=\"wpforms-5345-field_7\">NIP firmy<\/label><input type=\"text\" id=\"wpforms-5345-field_7\" class=\"wpforms-field-large\" name=\"wpforms[fields][7]\" ><\/div><div id=\"wpforms-5345-field_4-container\" class=\"wpforms-field wpforms-field-text wpforms-one-half wpforms-second\" data-field-id=\"4\"><label class=\"wpforms-field-label\" for=\"wpforms-5345-field_4\">Telefon <span class=\"wpforms-required-label\">*<\/span><\/label><input type=\"text\" id=\"wpforms-5345-field_4\" class=\"wpforms-field-large wpforms-field-required\" name=\"wpforms[fields][4]\" required><\/div><div id=\"wpforms-5345-field_1-container\" class=\"wpforms-field wpforms-field-email\" data-field-id=\"1\"><label class=\"wpforms-field-label\" for=\"wpforms-5345-field_1\">E-mail <span class=\"wpforms-required-label\">*<\/span><\/label><input type=\"email\" id=\"wpforms-5345-field_1\" class=\"wpforms-field-large wpforms-field-required\" name=\"wpforms[fields][1]\" spellcheck=\"false\" required><\/div><div id=\"wpforms-5345-field_2-container\" class=\"wpforms-field wpforms-field-textarea\" data-field-id=\"2\"><label class=\"wpforms-field-label\" for=\"wpforms-5345-field_2\">Wiadomo\u015b\u0107 <span class=\"wpforms-required-label\">*<\/span><\/label><textarea id=\"wpforms-5345-field_2\" class=\"wpforms-field-small wpforms-field-required\" name=\"wpforms[fields][2]\" required><\/textarea><\/div><div id=\"wpforms-5345-field_3-container\" class=\"wpforms-field wpforms-field-checkbox font-size 12px\" data-field-id=\"3\"><label class=\"wpforms-field-label wpforms-label-hide\">Zgoda <span class=\"wpforms-required-label\">*<\/span><\/label><ul id=\"wpforms-5345-field_3\" class=\"wpforms-field-required\"><li class=\"choice-1 depth-1\"><input type=\"checkbox\" id=\"wpforms-5345-field_3_1\" name=\"wpforms[fields][3][]\" value=\"Wyra\u017cam zgod\u0119 na przetwarzanie danych osobowych zgodnie z &lt;a href=&quot;https:\/\/boguc.eu\/privacy-policy\/&quot;&gt;Polityk\u0105 Prywatno\u015bci&lt;\/a&gt; w celu obs\u0142ugi zapytania, w tym kontakt telefoniczny lub mailowy.\" required ><label class=\"wpforms-field-label-inline\" for=\"wpforms-5345-field_3_1\">Wyra\u017cam zgod\u0119 na przetwarzanie danych osobowych zgodnie z <a href=\"https:\/\/boguc.eu\/privacy-policy\/\">Polityk\u0105 Prywatno\u015bci<\/a> w celu obs\u0142ugi zapytania, w tym kontakt telefoniczny lub mailowy.<\/label><\/li><\/ul><\/div><\/div><!-- .wpforms-field-container --><div class=\"wpforms-field wpforms-field-hp\"><label for=\"wpforms-5345-field-hp\" class=\"wpforms-field-label\">Website<\/label><input type=\"text\" name=\"wpforms[hp]\" id=\"wpforms-5345-field-hp\" class=\"wpforms-field-medium\"><\/div><div class=\"wpforms-recaptcha-container wpforms-is-turnstile\" ><div class=\"wpforms-turnstile\" data-sitekey=\"0x4AAAAAACfHLifgNHCBiiHd\" data-action=\"FormID-5345\"><\/div><input type=\"text\" name=\"g-recaptcha-hidden\" class=\"wpforms-recaptcha-hidden\" style=\"position:absolute!important;clip:rect(0,0,0,0)!important;height:1px!important;width:1px!important;border:0!important;overflow:hidden!important;padding:0!important;margin:0!important;\" data-rule-turnstile=\"1\"><\/div><div class=\"wpforms-submit-container\" ><input type=\"hidden\" name=\"wpforms[id]\" value=\"5345\"><input type=\"hidden\" name=\"page_title\" value=\"\"><input type=\"hidden\" name=\"page_url\" value=\"https:\/\/boguc.eu\/en\/wp-json\/wp\/v2\/product\/6487\"><input type=\"hidden\" name=\"url_referer\" value=\"\"><button type=\"submit\" name=\"wpforms[submit]\" id=\"wpforms-submit-5345\" class=\"wpforms-submit\" data-alt-text=\"Wysy\u0142am...\" data-submit-text=\"Wy\u015blij\" aria-live=\"assertive\" value=\"wpforms-submit\">Wy\u015blij<\/button><\/div><\/form><\/div>  <!-- .wpforms-container -->\n","protected":false},"excerpt":{"rendered":"<p>Naro\u017cnik przegubowy wewn\u0119trzny FRBPW<\/p>","protected":false},"featured_media":10008,"comment_status":"closed","ping_status":"closed","template":"","meta":{"_acf_changed":false},"product_brand":[],"product_cat":[389,255],"product_tag":[],"class_list":{"0":"post-6487","1":"product","2":"type-product","3":"status-publish","4":"has-post-thumbnail","6":"product_cat-szalunki-frbox","7":"product_cat-szalunki-scienne","8":"pa_grubosc-no","9":"pa_wymiar-w-cm-421","10":"pa_wymiar-w-cm-422","11":"pa_wymiar-w-cm-420","12":"pa_wymiar-w-cm-374","13":"pa_wymiar-w-cm-419","15":"first","16":"onbackorder","17":"product-type-variable"},"acf":[],"yoast_head":"<!-- This site is optimized with the Yoast SEO plugin v27.3 - https:\/\/yoast.com\/product\/yoast-seo-wordpress\/ -->\n<title>Naro\u017cnik przegubowy wewn\u0119trzny FRBPW regulowany<\/title>\n<meta name=\"description\" content=\"Naro\u017cnik przegubowy wewn\u0119trzny FRBPW regulowany\" \/>\n<meta name=\"robots\" content=\"index, follow, max-snippet:-1, max-image-preview:large, max-video-preview:-1\" \/>\n<link rel=\"canonical\" href=\"https:\/\/boguc.eu\/en\/naroznik-przegubowy-wewnetrzny-frbpw\/\" \/>\n<meta property=\"og:locale\" content=\"en_GB\" \/>\n<meta property=\"og:type\" content=\"article\" \/>\n<meta property=\"og:title\" content=\"Naro\u017cnik przegubowy wewn\u0119trzny FRBPW regulowany\" \/>\n<meta property=\"og:description\" content=\"Naro\u017cnik przegubowy wewn\u0119trzny FRBPW regulowany\" \/>\n<meta property=\"og:url\" content=\"https:\/\/boguc.eu\/en\/naroznik-przegubowy-wewnetrzny-frbpw\/\" \/>\n<meta property=\"og:site_name\" content=\"Boguc Construction\" \/>\n<meta property=\"article:modified_time\" content=\"2022-12-22T14:02:54+00:00\" \/>\n<meta property=\"og:image\" content=\"https:\/\/boguc.eu\/wp-content\/uploads\/2022\/09\/boguc-eu-naroznik-przegubowy-wewnetrzny.jpg\" \/>\n\t<meta property=\"og:image:width\" content=\"600\" \/>\n\t<meta property=\"og:image:height\" content=\"450\" \/>\n\t<meta property=\"og:image:type\" content=\"image\/jpeg\" \/>\n<meta name=\"twitter:card\" content=\"summary_large_image\" \/>\n<meta name=\"twitter:label1\" content=\"Estimated reading time\" \/>\n\t<meta name=\"twitter:data1\" content=\"1 minute\" \/>\n<script type=\"application\/ld+json\" class=\"yoast-schema-graph\">{\"@context\":\"https:\\\/\\\/schema.org\",\"@graph\":[{\"@type\":\"WebPage\",\"@id\":\"https:\\\/\\\/boguc.eu\\\/naroznik-przegubowy-wewnetrzny-frbpw\\\/\",\"url\":\"https:\\\/\\\/boguc.eu\\\/naroznik-przegubowy-wewnetrzny-frbpw\\\/\",\"name\":\"Naro\u017cnik przegubowy wewn\u0119trzny FRBPW regulowany\",\"isPartOf\":{\"@id\":\"https:\\\/\\\/boguc.eu\\\/#website\"},\"primaryImageOfPage\":{\"@id\":\"https:\\\/\\\/boguc.eu\\\/naroznik-przegubowy-wewnetrzny-frbpw\\\/#primaryimage\"},\"image\":{\"@id\":\"https:\\\/\\\/boguc.eu\\\/naroznik-przegubowy-wewnetrzny-frbpw\\\/#primaryimage\"},\"thumbnailUrl\":\"https:\\\/\\\/boguc.eu\\\/wp-content\\\/uploads\\\/2022\\\/09\\\/boguc-eu-naroznik-przegubowy-wewnetrzny.jpg\",\"datePublished\":\"2022-09-10T12:48:18+00:00\",\"dateModified\":\"2022-12-22T14:02:54+00:00\",\"description\":\"Naro\u017cnik przegubowy wewn\u0119trzny FRBPW regulowany\",\"breadcrumb\":{\"@id\":\"https:\\\/\\\/boguc.eu\\\/naroznik-przegubowy-wewnetrzny-frbpw\\\/#breadcrumb\"},\"inLanguage\":\"en-GB\",\"potentialAction\":[{\"@type\":\"ReadAction\",\"target\":[\"https:\\\/\\\/boguc.eu\\\/naroznik-przegubowy-wewnetrzny-frbpw\\\/\"]}]},{\"@type\":\"ImageObject\",\"inLanguage\":\"en-GB\",\"@id\":\"https:\\\/\\\/boguc.eu\\\/naroznik-przegubowy-wewnetrzny-frbpw\\\/#primaryimage\",\"url\":\"https:\\\/\\\/boguc.eu\\\/wp-content\\\/uploads\\\/2022\\\/09\\\/boguc-eu-naroznik-przegubowy-wewnetrzny.jpg\",\"contentUrl\":\"https:\\\/\\\/boguc.eu\\\/wp-content\\\/uploads\\\/2022\\\/09\\\/boguc-eu-naroznik-przegubowy-wewnetrzny.jpg\",\"width\":600,\"height\":450,\"caption\":\"Naro\u017cnik przegubowy wewn\u0119trzny FRBPW regulowany\"},{\"@type\":\"BreadcrumbList\",\"@id\":\"https:\\\/\\\/boguc.eu\\\/naroznik-przegubowy-wewnetrzny-frbpw\\\/#breadcrumb\",\"itemListElement\":[{\"@type\":\"ListItem\",\"position\":1,\"name\":\"Strona g\u0142\u00f3wna\",\"item\":\"https:\\\/\\\/boguc.eu\\\/\"},{\"@type\":\"ListItem\",\"position\":2,\"name\":\"Sklep Online\",\"item\":\"https:\\\/\\\/boguc.eu\\\/sklep\\\/\"},{\"@type\":\"ListItem\",\"position\":3,\"name\":\"Naro\u017cnik przegubowy wewn\u0119trzny FRBPW regulowany\"}]},{\"@type\":\"WebSite\",\"@id\":\"https:\\\/\\\/boguc.eu\\\/#website\",\"url\":\"https:\\\/\\\/boguc.eu\\\/\",\"name\":\"Boguc Construction\",\"description\":\"Sklejki i p\u0142yty szalunkowe, szalunki, rusztowania\",\"potentialAction\":[{\"@type\":\"SearchAction\",\"target\":{\"@type\":\"EntryPoint\",\"urlTemplate\":\"https:\\\/\\\/boguc.eu\\\/?s={search_term_string}\"},\"query-input\":{\"@type\":\"PropertyValueSpecification\",\"valueRequired\":true,\"valueName\":\"search_term_string\"}}],\"inLanguage\":\"en-GB\"}]}<\/script>\n<!-- \/ Yoast SEO plugin. -->","yoast_head_json":{"title":"Naro\u017cnik przegubowy wewn\u0119trzny FRBPW regulowany","description":"Naro\u017cnik przegubowy wewn\u0119trzny FRBPW regulowany","robots":{"index":"index","follow":"follow","max-snippet":"max-snippet:-1","max-image-preview":"max-image-preview:large","max-video-preview":"max-video-preview:-1"},"canonical":"https:\/\/boguc.eu\/en\/naroznik-przegubowy-wewnetrzny-frbpw\/","og_locale":"en_GB","og_type":"article","og_title":"Naro\u017cnik przegubowy wewn\u0119trzny FRBPW regulowany","og_description":"Naro\u017cnik przegubowy wewn\u0119trzny FRBPW regulowany","og_url":"https:\/\/boguc.eu\/en\/naroznik-przegubowy-wewnetrzny-frbpw\/","og_site_name":"Boguc Construction","article_modified_time":"2022-12-22T14:02:54+00:00","og_image":[{"width":600,"height":450,"url":"https:\/\/boguc.eu\/wp-content\/uploads\/2022\/09\/boguc-eu-naroznik-przegubowy-wewnetrzny.jpg","type":"image\/jpeg"}],"twitter_card":"summary_large_image","twitter_misc":{"Estimated reading time":"1 minute"},"schema":{"@context":"https:\/\/schema.org","@graph":[{"@type":"WebPage","@id":"https:\/\/boguc.eu\/naroznik-przegubowy-wewnetrzny-frbpw\/","url":"https:\/\/boguc.eu\/naroznik-przegubowy-wewnetrzny-frbpw\/","name":"Naro\u017cnik przegubowy wewn\u0119trzny FRBPW regulowany","isPartOf":{"@id":"https:\/\/boguc.eu\/#website"},"primaryImageOfPage":{"@id":"https:\/\/boguc.eu\/naroznik-przegubowy-wewnetrzny-frbpw\/#primaryimage"},"image":{"@id":"https:\/\/boguc.eu\/naroznik-przegubowy-wewnetrzny-frbpw\/#primaryimage"},"thumbnailUrl":"https:\/\/boguc.eu\/wp-content\/uploads\/2022\/09\/boguc-eu-naroznik-przegubowy-wewnetrzny.jpg","datePublished":"2022-09-10T12:48:18+00:00","dateModified":"2022-12-22T14:02:54+00:00","description":"Naro\u017cnik przegubowy wewn\u0119trzny FRBPW regulowany","breadcrumb":{"@id":"https:\/\/boguc.eu\/naroznik-przegubowy-wewnetrzny-frbpw\/#breadcrumb"},"inLanguage":"en-GB","potentialAction":[{"@type":"ReadAction","target":["https:\/\/boguc.eu\/naroznik-przegubowy-wewnetrzny-frbpw\/"]}]},{"@type":"ImageObject","inLanguage":"en-GB","@id":"https:\/\/boguc.eu\/naroznik-przegubowy-wewnetrzny-frbpw\/#primaryimage","url":"https:\/\/boguc.eu\/wp-content\/uploads\/2022\/09\/boguc-eu-naroznik-przegubowy-wewnetrzny.jpg","contentUrl":"https:\/\/boguc.eu\/wp-content\/uploads\/2022\/09\/boguc-eu-naroznik-przegubowy-wewnetrzny.jpg","width":600,"height":450,"caption":"Naro\u017cnik przegubowy wewn\u0119trzny FRBPW regulowany"},{"@type":"BreadcrumbList","@id":"https:\/\/boguc.eu\/naroznik-przegubowy-wewnetrzny-frbpw\/#breadcrumb","itemListElement":[{"@type":"ListItem","position":1,"name":"Strona g\u0142\u00f3wna","item":"https:\/\/boguc.eu\/"},{"@type":"ListItem","position":2,"name":"Sklep Online","item":"https:\/\/boguc.eu\/sklep\/"},{"@type":"ListItem","position":3,"name":"Naro\u017cnik przegubowy wewn\u0119trzny FRBPW regulowany"}]},{"@type":"WebSite","@id":"https:\/\/boguc.eu\/#website","url":"https:\/\/boguc.eu\/","name":"Boguc Construction","description":"Sklejki i p\u0142yty szalunkowe, szalunki, rusztowania","potentialAction":[{"@type":"SearchAction","target":{"@type":"EntryPoint","urlTemplate":"https:\/\/boguc.eu\/?s={search_term_string}"},"query-input":{"@type":"PropertyValueSpecification","valueRequired":true,"valueName":"search_term_string"}}],"inLanguage":"en-GB"}]}},"_links":{"self":[{"href":"https:\/\/boguc.eu\/en\/wp-json\/wp\/v2\/product\/6487","targetHints":{"allow":["GET"]}}],"collection":[{"href":"https:\/\/boguc.eu\/en\/wp-json\/wp\/v2\/product"}],"about":[{"href":"https:\/\/boguc.eu\/en\/wp-json\/wp\/v2\/types\/product"}],"replies":[{"embeddable":true,"href":"https:\/\/boguc.eu\/en\/wp-json\/wp\/v2\/comments?post=6487"}],"wp:featuredmedia":[{"embeddable":true,"href":"https:\/\/boguc.eu\/en\/wp-json\/wp\/v2\/media\/10008"}],"wp:attachment":[{"href":"https:\/\/boguc.eu\/en\/wp-json\/wp\/v2\/media?parent=6487"}],"wp:term":[{"taxonomy":"product_brand","embeddable":true,"href":"https:\/\/boguc.eu\/en\/wp-json\/wp\/v2\/product_brand?post=6487"},{"taxonomy":"product_cat","embeddable":true,"href":"https:\/\/boguc.eu\/en\/wp-json\/wp\/v2\/product_cat?post=6487"},{"taxonomy":"product_tag","embeddable":true,"href":"https:\/\/boguc.eu\/en\/wp-json\/wp\/v2\/product_tag?post=6487"}],"curies":[{"name":"wp","href":"https:\/\/api.w.org\/{rel}","templated":true}]}}