{"id":13996,"date":"2026-01-27T10:21:08","date_gmt":"2026-01-27T09:21:08","guid":{"rendered":"https:\/\/boguc.eu\/?post_type=product&#038;p=13996"},"modified":"2026-02-06T14:53:34","modified_gmt":"2026-02-06T13:53:34","slug":"dzwigary-h20-meva-mix-dlugosci","status":"publish","type":"product","link":"https:\/\/boguc.eu\/en\/dzwigary-h20-meva-mix-dlugosci\/","title":{"rendered":"D\u017awigary H20 Meva mix d\u0142ugo\u015bci"},"content":{"rendered":"<h1>U\u017cywane D\u017awigary H20 Meva<\/h1>\n<p>Mix d\u0142ugo\u015bci.<\/p>\n<p>Na magazynie.<\/p>\n<table width=\"335\">\n<tbody>\n<tr>\n<td width=\"65\"><strong>indeks<\/strong><\/td>\n<td width=\"64\"><strong>szt<\/strong><\/td>\n<td width=\"64\"><strong>mb<\/strong><\/td>\n<td width=\"67\"><strong>total mb<\/strong><\/td>\n<td width=\"75\"><strong>netto mb<\/strong><\/td>\n<\/tr>\n<tr>\n<td width=\"65\">uh20d190<\/td>\n<td width=\"64\">100<\/td>\n<td width=\"64\">190<\/td>\n<td width=\"67\">190<\/td>\n<td width=\"75\">21,7<\/td>\n<\/tr>\n<tr>\n<td width=\"65\">uh20d245<\/td>\n<td width=\"64\">300<\/td>\n<td width=\"64\">245<\/td>\n<td width=\"67\">735<\/td>\n<td width=\"75\">21,7<\/td>\n<\/tr>\n<tr>\n<td width=\"65\">uh20d290<\/td>\n<td width=\"64\">145<\/td>\n<td width=\"64\">290<\/td>\n<td width=\"67\">420,5<\/td>\n<td width=\"75\">21,7<\/td>\n<\/tr>\n<tr>\n<td width=\"65\">uh20d330<\/td>\n<td width=\"64\">175<\/td>\n<td width=\"64\">330<\/td>\n<td width=\"67\">577,5<\/td>\n<td width=\"75\">21,7<\/td>\n<\/tr>\n<tr>\n<td width=\"65\">uh20d390<\/td>\n<td width=\"64\">300<\/td>\n<td width=\"64\">390<\/td>\n<td width=\"67\">1170<\/td>\n<td width=\"75\">21,7<\/td>\n<\/tr>\n<tr>\n<td width=\"65\">uh20d490<\/td>\n<td width=\"64\">100<\/td>\n<td width=\"64\">490<\/td>\n<td width=\"67\">490<\/td>\n<td width=\"75\">21,7<\/td>\n<\/tr>\n<\/tbody>\n<\/table>\n<p><strong><picture><source srcset=\"https:\/\/boguc.eu\/wp-content\/webp-express\/webp-images\/uploads\/2024\/12\/information-button-3.png.webp 24w, https:\/\/boguc.eu\/wp-content\/webp-express\/webp-images\/uploads\/2024\/12\/information-button-3-12x12.png.webp 12w\" sizes=\"auto, (max-width: 24px) 100vw, 24px\" type=\"image\/webp\"><img loading=\"lazy\" decoding=\"async\" class=\"alignleft wp-image-11646 size-full webpexpress-processed\" src=\"https:\/\/boguc.eu\/wp-content\/uploads\/2024\/12\/information-button-3.png\" alt=\"\" width=\"24\" height=\"24\" srcset=\"https:\/\/boguc.eu\/wp-content\/uploads\/2024\/12\/information-button-3.png 24w, https:\/\/boguc.eu\/wp-content\/uploads\/2024\/12\/information-button-3-12x12.png 12w\" sizes=\"auto, (max-width: 24px) 100vw, 24px\"><\/picture><\/strong><\/p>\n<p><strong> Nasi handlowcy ch\u0119tnie pomog\u0105 w obliczeniach dotycz\u0105cych ilo\u015bci potrzebnych na budowie<\/strong>.\u00a0<strong>Je\u015bli masz pytania na temat tego produktu prosimy o kontakt pod nr <a href=\"tel:+48228101006\">+48 22 810 10 06<\/a> lub poprzez formularz.\u00a0<\/strong><\/p>\n<div class=\"wpforms-container wpforms-container-full\" id=\"wpforms-5345\"><form id=\"wpforms-form-5345\" class=\"wpforms-validate wpforms-form\" data-formid=\"5345\" method=\"post\" enctype=\"multipart\/form-data\" action=\"\/en\/wp-json\/wp\/v2\/product\/13996\" data-token=\"7b008caca1618608ff36c4bb80f50aa4\" data-token-time=\"1777736308\"><noscript class=\"wpforms-error-noscript\">Please enable JavaScript in your browser to complete this form.<\/noscript><div class=\"wpforms-field-container\"><div id=\"wpforms-5345-field_0-container\" class=\"wpforms-field wpforms-field-name\" data-field-id=\"0\"><label class=\"wpforms-field-label\" for=\"wpforms-5345-field_0\">Imi\u0119 i nazwisko <span class=\"wpforms-required-label\">*<\/span><\/label><div class=\"wpforms-field-row wpforms-field-large\"><div class=\"wpforms-field-row-block wpforms-first wpforms-one-half\"><input type=\"text\" id=\"wpforms-5345-field_0\" class=\"wpforms-field-name-first wpforms-field-required\" name=\"wpforms[fields][0][first]\" placeholder=\"Imi\u0119\" required><label for=\"wpforms-5345-field_0\" class=\"wpforms-field-sublabel after wpforms-sublabel-hide\">First<\/label><\/div><div class=\"wpforms-field-row-block wpforms-one-half\"><input type=\"text\" id=\"wpforms-5345-field_0-last\" class=\"wpforms-field-name-last wpforms-field-required\" name=\"wpforms[fields][0][last]\" placeholder=\"Nazwisko\" required><label for=\"wpforms-5345-field_0-last\" class=\"wpforms-field-sublabel after wpforms-sublabel-hide\">Last<\/label><\/div><\/div><\/div><div id=\"wpforms-5345-field_7-container\" class=\"wpforms-field wpforms-field-text wpforms-one-half wpforms-first\" data-field-id=\"7\"><label class=\"wpforms-field-label\" for=\"wpforms-5345-field_7\">NIP firmy<\/label><input type=\"text\" id=\"wpforms-5345-field_7\" class=\"wpforms-field-large\" name=\"wpforms[fields][7]\" ><\/div><div id=\"wpforms-5345-field_4-container\" class=\"wpforms-field wpforms-field-text wpforms-one-half wpforms-second\" data-field-id=\"4\"><label class=\"wpforms-field-label\" for=\"wpforms-5345-field_4\">Telefon <span class=\"wpforms-required-label\">*<\/span><\/label><input type=\"text\" id=\"wpforms-5345-field_4\" class=\"wpforms-field-large wpforms-field-required\" name=\"wpforms[fields][4]\" required><\/div><div id=\"wpforms-5345-field_1-container\" class=\"wpforms-field wpforms-field-email\" data-field-id=\"1\"><label class=\"wpforms-field-label\" for=\"wpforms-5345-field_1\">E-mail <span class=\"wpforms-required-label\">*<\/span><\/label><input type=\"email\" id=\"wpforms-5345-field_1\" class=\"wpforms-field-large wpforms-field-required\" name=\"wpforms[fields][1]\" spellcheck=\"false\" required><\/div><div id=\"wpforms-5345-field_2-container\" class=\"wpforms-field wpforms-field-textarea\" data-field-id=\"2\"><label class=\"wpforms-field-label\" for=\"wpforms-5345-field_2\">Wiadomo\u015b\u0107 <span class=\"wpforms-required-label\">*<\/span><\/label><textarea id=\"wpforms-5345-field_2\" class=\"wpforms-field-small wpforms-field-required\" name=\"wpforms[fields][2]\" required><\/textarea><\/div><div id=\"wpforms-5345-field_3-container\" class=\"wpforms-field wpforms-field-checkbox font-size 12px\" data-field-id=\"3\"><label class=\"wpforms-field-label wpforms-label-hide\">Zgoda <span class=\"wpforms-required-label\">*<\/span><\/label><ul id=\"wpforms-5345-field_3\" class=\"wpforms-field-required\"><li class=\"choice-1 depth-1\"><input type=\"checkbox\" id=\"wpforms-5345-field_3_1\" name=\"wpforms[fields][3][]\" value=\"Wyra\u017cam zgod\u0119 na przetwarzanie danych osobowych zgodnie z &lt;a href=&quot;https:\/\/boguc.eu\/privacy-policy\/&quot;&gt;Polityk\u0105 Prywatno\u015bci&lt;\/a&gt; w celu obs\u0142ugi zapytania, w tym kontakt telefoniczny lub mailowy.\" required ><label class=\"wpforms-field-label-inline\" for=\"wpforms-5345-field_3_1\">Wyra\u017cam zgod\u0119 na przetwarzanie danych osobowych zgodnie z <a href=\"https:\/\/boguc.eu\/privacy-policy\/\">Polityk\u0105 Prywatno\u015bci<\/a> w celu obs\u0142ugi zapytania, w tym kontakt telefoniczny lub mailowy.<\/label><\/li><\/ul><\/div><\/div><!-- .wpforms-field-container --><div class=\"wpforms-field wpforms-field-hp\"><label for=\"wpforms-5345-field-hp\" class=\"wpforms-field-label\">Website<\/label><input type=\"text\" name=\"wpforms[hp]\" id=\"wpforms-5345-field-hp\" class=\"wpforms-field-medium\"><\/div><div class=\"wpforms-recaptcha-container wpforms-is-turnstile\" ><div class=\"wpforms-turnstile\" data-sitekey=\"0x4AAAAAACfHLifgNHCBiiHd\" data-action=\"FormID-5345\"><\/div><input type=\"text\" name=\"g-recaptcha-hidden\" class=\"wpforms-recaptcha-hidden\" style=\"position:absolute!important;clip:rect(0,0,0,0)!important;height:1px!important;width:1px!important;border:0!important;overflow:hidden!important;padding:0!important;margin:0!important;\" data-rule-turnstile=\"1\"><\/div><div class=\"wpforms-submit-container\" ><input type=\"hidden\" name=\"wpforms[id]\" value=\"5345\"><input type=\"hidden\" name=\"page_title\" value=\"\"><input type=\"hidden\" name=\"page_url\" value=\"https:\/\/boguc.eu\/en\/wp-json\/wp\/v2\/product\/13996\"><input type=\"hidden\" name=\"url_referer\" value=\"\"><button type=\"submit\" name=\"wpforms[submit]\" id=\"wpforms-submit-5345\" class=\"wpforms-submit\" data-alt-text=\"Wysy\u0142am...\" data-submit-text=\"Wy\u015blij\" aria-live=\"assertive\" value=\"wpforms-submit\">Wy\u015blij<\/button><\/div><\/form><\/div>  <!-- .wpforms-container -->\n","protected":false},"excerpt":{"rendered":"<p>&nbsp;<\/p>\n<p><strong><picture><source srcset=\"https:\/\/boguc.eu\/wp-content\/webp-express\/webp-images\/uploads\/2024\/12\/information-button-3.png.webp 24w, https:\/\/boguc.eu\/wp-content\/webp-express\/webp-images\/uploads\/2024\/12\/information-button-3-12x12.png.webp 12w\" sizes=\"auto, (max-width: 24px) 100vw, 24px\" type=\"image\/webp\"><img loading=\"lazy\" decoding=\"async\" class=\"alignleft wp-image-11646 size-full webpexpress-processed\" src=\"https:\/\/boguc.eu\/wp-content\/uploads\/2024\/12\/information-button-3.png\" alt=\"\" width=\"24\" height=\"24\" srcset=\"https:\/\/boguc.eu\/wp-content\/uploads\/2024\/12\/information-button-3.png 24w, https:\/\/boguc.eu\/wp-content\/uploads\/2024\/12\/information-button-3-12x12.png 12w\" sizes=\"auto, (max-width: 24px) 100vw, 24px\"><\/picture> Zapytaj o cen\u0119:<br \/>\n<\/strong>tel:<strong><a href=\"tel:+48228101006\">+48 22 810 10 06<\/a><br \/>\n<\/strong>mail:\u00a0<a href=\"mailto:info@boguc.eu\"><strong>info@boguc.eu<\/strong><\/a><\/p>\n<p><strong><picture><source srcset=\"https:\/\/boguc.eu\/wp-content\/webp-express\/webp-images\/uploads\/2025\/05\/transport-boguc.png.webp 24w, https:\/\/boguc.eu\/wp-content\/webp-express\/webp-images\/uploads\/2025\/05\/transport-boguc-12x12.png.webp 12w\" sizes=\"auto, (max-width: 24px) 100vw, 24px\" type=\"image\/webp\"><img loading=\"lazy\" decoding=\"async\" class=\"alignnone size-full wp-image-12498 webpexpress-processed\" src=\"https:\/\/boguc.eu\/wp-content\/uploads\/2025\/05\/transport-boguc.png\" alt=\"\" width=\"24\" height=\"24\" srcset=\"https:\/\/boguc.eu\/wp-content\/uploads\/2025\/05\/transport-boguc.png 24w, https:\/\/boguc.eu\/wp-content\/uploads\/2025\/05\/transport-boguc-12x12.png 12w\" sizes=\"auto, (max-width: 24px) 100vw, 24px\"><\/picture>\u00a0 \u00a0Potrzebujesz transportu?<br \/>\n<\/strong>Skontaktuj si\u0119, a my przygotujemy ofert\u0119 na najkorzystniejsz\u0105 opcj\u0119 dostawy wed\u0142ug wagi, gabaryt\u00f3w i terminu <strong>\u2013 <a href=\"mailto: info@boguc.eu\">napisz<\/a><\/strong> lub <strong><a href=\"tel:+48228101006\">zadzwo\u0144.<\/a><\/strong><\/p>","protected":false},"featured_media":13997,"comment_status":"closed","ping_status":"closed","template":"","meta":{"_acf_changed":false},"product_brand":[2123],"product_cat":[1080],"product_tag":[1819,2138,1792,1220,1971],"class_list":{"0":"post-13996","1":"product","2":"type-product","3":"status-publish","4":"has-post-thumbnail","6":"product_brand-meva","7":"product_cat-uzywane","8":"product_tag-dzwigary","9":"product_tag-dzwigary-meva","10":"product_tag-meva","11":"product_tag-uzywane-deskowanie","12":"product_tag-uzywane-szalunki-warszawa","14":"first","15":"instock","16":"taxable","17":"shipping-taxable","18":"product-type-simple"},"acf":[],"yoast_head":"<!-- This site is optimized with the Yoast SEO plugin v27.3 - https:\/\/yoast.com\/product\/yoast-seo-wordpress\/ -->\n<title>D\u017awigary H20 Meva mix d\u0142ugo\u015bci - Boguc Construction<\/title>\n<meta name=\"description\" content=\"Sprawd\u017a nasz\u0105 ofert\u0119 na strop u\u017cywany, dzwigary Meva. Szalunki u\u017cywane - du\u017cy wyb\u00f3r i najlepsze ceny na rynku.\" \/>\n<meta name=\"robots\" content=\"index, follow, max-snippet:-1, max-image-preview:large, max-video-preview:-1\" \/>\n<link rel=\"canonical\" href=\"https:\/\/boguc.eu\/en\/dzwigary-h20-meva-mix-dlugosci\/\" \/>\n<meta property=\"og:locale\" content=\"en_GB\" \/>\n<meta property=\"og:type\" content=\"article\" \/>\n<meta property=\"og:title\" content=\"D\u017awigary H20 Meva mix d\u0142ugo\u015bci - Boguc Construction\" \/>\n<meta property=\"og:description\" content=\"Sprawd\u017a nasz\u0105 ofert\u0119 na strop u\u017cywany, dzwigary Meva. Szalunki u\u017cywane - du\u017cy wyb\u00f3r i najlepsze ceny na rynku.\" \/>\n<meta property=\"og:url\" content=\"https:\/\/boguc.eu\/en\/dzwigary-h20-meva-mix-dlugosci\/\" \/>\n<meta property=\"og:site_name\" content=\"Boguc Construction\" \/>\n<meta property=\"article:modified_time\" content=\"2026-02-06T13:53:34+00:00\" \/>\n<meta property=\"og:image\" content=\"https:\/\/boguc.eu\/wp-content\/uploads\/2026\/02\/H20-set-dzwigary-uzywane.webp\" \/>\n\t<meta property=\"og:image:width\" content=\"999\" \/>\n\t<meta property=\"og:image:height\" content=\"562\" \/>\n\t<meta property=\"og:image:type\" content=\"image\/webp\" \/>\n<meta name=\"twitter:card\" content=\"summary_large_image\" \/>\n<meta name=\"twitter:label1\" content=\"Estimated reading time\" \/>\n\t<meta name=\"twitter:data1\" content=\"1 minute\" \/>\n<script type=\"application\/ld+json\" class=\"yoast-schema-graph\">{\"@context\":\"https:\\\/\\\/schema.org\",\"@graph\":[{\"@type\":\"WebPage\",\"@id\":\"https:\\\/\\\/boguc.eu\\\/dzwigary-h20-meva-mix-dlugosci\\\/\",\"url\":\"https:\\\/\\\/boguc.eu\\\/dzwigary-h20-meva-mix-dlugosci\\\/\",\"name\":\"D\u017awigary H20 Meva mix d\u0142ugo\u015bci - Boguc Construction\",\"isPartOf\":{\"@id\":\"https:\\\/\\\/boguc.eu\\\/#website\"},\"primaryImageOfPage\":{\"@id\":\"https:\\\/\\\/boguc.eu\\\/dzwigary-h20-meva-mix-dlugosci\\\/#primaryimage\"},\"image\":{\"@id\":\"https:\\\/\\\/boguc.eu\\\/dzwigary-h20-meva-mix-dlugosci\\\/#primaryimage\"},\"thumbnailUrl\":\"https:\\\/\\\/boguc.eu\\\/wp-content\\\/uploads\\\/2026\\\/02\\\/H20-set-dzwigary-uzywane.webp\",\"datePublished\":\"2026-01-27T09:21:08+00:00\",\"dateModified\":\"2026-02-06T13:53:34+00:00\",\"description\":\"Sprawd\u017a nasz\u0105 ofert\u0119 na strop u\u017cywany, dzwigary Meva. Szalunki u\u017cywane - du\u017cy wyb\u00f3r i najlepsze ceny na rynku.\",\"breadcrumb\":{\"@id\":\"https:\\\/\\\/boguc.eu\\\/dzwigary-h20-meva-mix-dlugosci\\\/#breadcrumb\"},\"inLanguage\":\"en-GB\",\"potentialAction\":[{\"@type\":\"ReadAction\",\"target\":[\"https:\\\/\\\/boguc.eu\\\/dzwigary-h20-meva-mix-dlugosci\\\/\"]}]},{\"@type\":\"ImageObject\",\"inLanguage\":\"en-GB\",\"@id\":\"https:\\\/\\\/boguc.eu\\\/dzwigary-h20-meva-mix-dlugosci\\\/#primaryimage\",\"url\":\"https:\\\/\\\/boguc.eu\\\/wp-content\\\/uploads\\\/2026\\\/02\\\/H20-set-dzwigary-uzywane.webp\",\"contentUrl\":\"https:\\\/\\\/boguc.eu\\\/wp-content\\\/uploads\\\/2026\\\/02\\\/H20-set-dzwigary-uzywane.webp\",\"width\":999,\"height\":562},{\"@type\":\"BreadcrumbList\",\"@id\":\"https:\\\/\\\/boguc.eu\\\/dzwigary-h20-meva-mix-dlugosci\\\/#breadcrumb\",\"itemListElement\":[{\"@type\":\"ListItem\",\"position\":1,\"name\":\"Strona g\u0142\u00f3wna\",\"item\":\"https:\\\/\\\/boguc.eu\\\/\"},{\"@type\":\"ListItem\",\"position\":2,\"name\":\"Sklep Online\",\"item\":\"https:\\\/\\\/boguc.eu\\\/sklep\\\/\"},{\"@type\":\"ListItem\",\"position\":3,\"name\":\"D\u017awigary H20 Meva mix d\u0142ugo\u015bci\"}]},{\"@type\":\"WebSite\",\"@id\":\"https:\\\/\\\/boguc.eu\\\/#website\",\"url\":\"https:\\\/\\\/boguc.eu\\\/\",\"name\":\"Boguc Construction\",\"description\":\"Sklejki i p\u0142yty szalunkowe, szalunki, rusztowania\",\"potentialAction\":[{\"@type\":\"SearchAction\",\"target\":{\"@type\":\"EntryPoint\",\"urlTemplate\":\"https:\\\/\\\/boguc.eu\\\/?s={search_term_string}\"},\"query-input\":{\"@type\":\"PropertyValueSpecification\",\"valueRequired\":true,\"valueName\":\"search_term_string\"}}],\"inLanguage\":\"en-GB\"}]}<\/script>\n<!-- \/ Yoast SEO plugin. -->","yoast_head_json":{"title":"D\u017awigary H20 Meva mix d\u0142ugo\u015bci - Boguc Construction","description":"Sprawd\u017a nasz\u0105 ofert\u0119 na strop u\u017cywany, dzwigary Meva. Szalunki u\u017cywane - du\u017cy wyb\u00f3r i najlepsze ceny na rynku.","robots":{"index":"index","follow":"follow","max-snippet":"max-snippet:-1","max-image-preview":"max-image-preview:large","max-video-preview":"max-video-preview:-1"},"canonical":"https:\/\/boguc.eu\/en\/dzwigary-h20-meva-mix-dlugosci\/","og_locale":"en_GB","og_type":"article","og_title":"D\u017awigary H20 Meva mix d\u0142ugo\u015bci - Boguc Construction","og_description":"Sprawd\u017a nasz\u0105 ofert\u0119 na strop u\u017cywany, dzwigary Meva. Szalunki u\u017cywane - du\u017cy wyb\u00f3r i najlepsze ceny na rynku.","og_url":"https:\/\/boguc.eu\/en\/dzwigary-h20-meva-mix-dlugosci\/","og_site_name":"Boguc Construction","article_modified_time":"2026-02-06T13:53:34+00:00","og_image":[{"width":999,"height":562,"url":"https:\/\/boguc.eu\/wp-content\/uploads\/2026\/02\/H20-set-dzwigary-uzywane.webp","type":"image\/webp"}],"twitter_card":"summary_large_image","twitter_misc":{"Estimated reading time":"1 minute"},"schema":{"@context":"https:\/\/schema.org","@graph":[{"@type":"WebPage","@id":"https:\/\/boguc.eu\/dzwigary-h20-meva-mix-dlugosci\/","url":"https:\/\/boguc.eu\/dzwigary-h20-meva-mix-dlugosci\/","name":"D\u017awigary H20 Meva mix d\u0142ugo\u015bci - Boguc Construction","isPartOf":{"@id":"https:\/\/boguc.eu\/#website"},"primaryImageOfPage":{"@id":"https:\/\/boguc.eu\/dzwigary-h20-meva-mix-dlugosci\/#primaryimage"},"image":{"@id":"https:\/\/boguc.eu\/dzwigary-h20-meva-mix-dlugosci\/#primaryimage"},"thumbnailUrl":"https:\/\/boguc.eu\/wp-content\/uploads\/2026\/02\/H20-set-dzwigary-uzywane.webp","datePublished":"2026-01-27T09:21:08+00:00","dateModified":"2026-02-06T13:53:34+00:00","description":"Sprawd\u017a nasz\u0105 ofert\u0119 na strop u\u017cywany, dzwigary Meva. Szalunki u\u017cywane - du\u017cy wyb\u00f3r i najlepsze ceny na rynku.","breadcrumb":{"@id":"https:\/\/boguc.eu\/dzwigary-h20-meva-mix-dlugosci\/#breadcrumb"},"inLanguage":"en-GB","potentialAction":[{"@type":"ReadAction","target":["https:\/\/boguc.eu\/dzwigary-h20-meva-mix-dlugosci\/"]}]},{"@type":"ImageObject","inLanguage":"en-GB","@id":"https:\/\/boguc.eu\/dzwigary-h20-meva-mix-dlugosci\/#primaryimage","url":"https:\/\/boguc.eu\/wp-content\/uploads\/2026\/02\/H20-set-dzwigary-uzywane.webp","contentUrl":"https:\/\/boguc.eu\/wp-content\/uploads\/2026\/02\/H20-set-dzwigary-uzywane.webp","width":999,"height":562},{"@type":"BreadcrumbList","@id":"https:\/\/boguc.eu\/dzwigary-h20-meva-mix-dlugosci\/#breadcrumb","itemListElement":[{"@type":"ListItem","position":1,"name":"Strona g\u0142\u00f3wna","item":"https:\/\/boguc.eu\/"},{"@type":"ListItem","position":2,"name":"Sklep Online","item":"https:\/\/boguc.eu\/sklep\/"},{"@type":"ListItem","position":3,"name":"D\u017awigary H20 Meva mix d\u0142ugo\u015bci"}]},{"@type":"WebSite","@id":"https:\/\/boguc.eu\/#website","url":"https:\/\/boguc.eu\/","name":"Boguc Construction","description":"Sklejki i p\u0142yty szalunkowe, szalunki, rusztowania","potentialAction":[{"@type":"SearchAction","target":{"@type":"EntryPoint","urlTemplate":"https:\/\/boguc.eu\/?s={search_term_string}"},"query-input":{"@type":"PropertyValueSpecification","valueRequired":true,"valueName":"search_term_string"}}],"inLanguage":"en-GB"}]}},"_links":{"self":[{"href":"https:\/\/boguc.eu\/en\/wp-json\/wp\/v2\/product\/13996","targetHints":{"allow":["GET"]}}],"collection":[{"href":"https:\/\/boguc.eu\/en\/wp-json\/wp\/v2\/product"}],"about":[{"href":"https:\/\/boguc.eu\/en\/wp-json\/wp\/v2\/types\/product"}],"replies":[{"embeddable":true,"href":"https:\/\/boguc.eu\/en\/wp-json\/wp\/v2\/comments?post=13996"}],"wp:featuredmedia":[{"embeddable":true,"href":"https:\/\/boguc.eu\/en\/wp-json\/wp\/v2\/media\/13997"}],"wp:attachment":[{"href":"https:\/\/boguc.eu\/en\/wp-json\/wp\/v2\/media?parent=13996"}],"wp:term":[{"taxonomy":"product_brand","embeddable":true,"href":"https:\/\/boguc.eu\/en\/wp-json\/wp\/v2\/product_brand?post=13996"},{"taxonomy":"product_cat","embeddable":true,"href":"https:\/\/boguc.eu\/en\/wp-json\/wp\/v2\/product_cat?post=13996"},{"taxonomy":"product_tag","embeddable":true,"href":"https:\/\/boguc.eu\/en\/wp-json\/wp\/v2\/product_tag?post=13996"}],"curies":[{"name":"wp","href":"https:\/\/api.w.org\/{rel}","templated":true}]}}