{"id":5918,"date":"2022-08-23T13:24:06","date_gmt":"2022-08-23T11:24:06","guid":{"rendered":"https:\/\/boguc.eu\/?page_id=5918"},"modified":"2024-11-06T13:57:08","modified_gmt":"2024-11-06T12:57:08","slug":"zwroty","status":"publish","type":"page","link":"https:\/\/boguc.eu\/en\/zwroty\/","title":{"rendered":"Returns"},"content":{"rendered":"<h3><strong>PRAWO DO ODST\u0104PIENIA OD UMOWY ZAWARTEJ NA ODLEG\u0141O\u015a\u0106<\/strong><\/h3>\n<p>Ka\u017cdemu klientowi, b\u0119d\u0105cemu konsumentem w rozumieniu art. 221 Kodeksu Cywilnego i korzystaj\u0105cemu ze sklepu internetowego boguc.eu przys\u0142uguje \u2013 na podstawie przepis\u00f3w prawa \u2013 prawo do odst\u0105pienia od zawartej umowy zakupu towaru (us\u0142ugi), bez podania przyczyny, w terminie opisanym poni\u017cej. O\u015bwiadczenie o odst\u0105pieniu powinno zosta\u0107 wys\u0142ane na adres: ul. Olecka 23\/208, 04-980 Warszawa, <strong>info@boguc.eu<\/strong>.<\/p>\n<p>&nbsp;<\/p>\n<h4>Termin zwrotu<\/h4>\n<p>Prawo do odst\u0105pienia przys\u0142uguje konsumentowi w nieprzekraczalnym terminie<strong> 14 dni<\/strong>, kt\u00f3ry rozpoczyna si\u0119 w dniu otrzymania przez konsumenta towaru. Termin uznaje si\u0119 za dotrzymany, je\u017celi przed jego up\u0142ywem konsument wy\u015ble o\u015bwiadczenie o odst\u0105pieniu <strong>listownie<\/strong> na adres: ul. Olecka 23\/208, 04-980 Warszawa lub <strong>mailowo<\/strong> na adres:\u00a0 info@boguc.eu.<\/p>\n<h4>Jak zwr\u00f3ci\u0107 towar<\/h4>\n<p>Zakupiony towar nale\u017cy dostarczy\u0107 <strong>osobi\u015bcie<\/strong> na adres: ul. Wa\u0142 Miedzeszy\u0144ski 194, 04-987 Warszawa lub <strong>odsy\u0142aj\u0105c<\/strong> na adres: ul. Wa\u0142 Miedzeszy\u0144ski 194, 04-987 Warszawa.<\/p>\n<h4>Zasady zwrotu<\/h4>\n<p>Zwracany towar powinien by\u0107 nieuszkodzony i kompletny, nie nosi\u0107 \u015blad\u00f3w u\u017cytkowania. W innym wypadku nale\u017cy poinformowa\u0107 Sprzedawc\u0119 i wtedy zwrot mo\u017ce nast\u0105pi\u0107 tylko i wy\u0142\u0105cznie po uzyskaniu zgody przez Sprzedawc\u0119.<\/p>\n<h4>Kto pokrywa koszt zwrotu<\/h4>\n<p>Koszty zwrotnego dostarczenia towaru pokrywa konsument, o ile odst\u0105pienie nie zosta\u0142o wywo\u0142ane faktem cho\u0107by przej\u015bciowej niemo\u017cno\u015bci spe\u0142nienia przez sklep internetowy boguc.eu \u015bwiadczenia o w\u0142a\u015bciwo\u015bciach zam\u00f3wionych przez konsumenta. Nie przyjmujemy paczek wys\u0142anych do nas na koszt odbiorcy. Nie pobieramy innych op\u0142at zwi\u0105zanych z przyj\u0119ciem zwrotu towaru.<\/p>\n<h4>Zwroty pieni\u0119dzy<\/h4>\n<p>W przypadku odst\u0105pienia od umowy zawartej na odleg\u0142o\u015b\u0107, umowa jest uwa\u017cana za niezawart\u0105. To, co strony \u015bwiadczy\u0142y, ulega zwrotowi w stanie niezmienionym, chyba \u017ce zmiana by\u0142a konieczna w granicach zwyk\u0142ego zarz\u0105du. Zwrot powinien nast\u0105pi\u0107 niezw\u0142ocznie, nie p\u00f3\u017aniej ni\u017c w terminie <strong>14 dni<\/strong>. Zwrot pieni\u0119dzy b\u0119dzie dokonany, wykorzystuj\u0105c ten sam spos\u00f3b p\u0142atno\u015bci, jaki zosta\u0142 u\u017cyty w pierwotnej transakcji, chyba \u017ce otrzymamy zgod\u0119 na inne rozwi\u0105zanie.<\/p>\n<h4>Wy\u0142\u0105czenie prawa odst\u0105pienia<\/h4>\n<p><strong>Prawo do odst\u0105pienia od umowy przez konsumenta jest wy\u0142\u0105czone w przypadku towar\u00f3w (us\u0142ug) wykraczaj\u0105cych poza standardow\u0105 ofert\u0119 sklepu, przygotowanych na specjalne zam\u00f3wienie klienta i dostosowanych do jego indywidualnych potrzeb.<\/strong>\u00a0Prawo odst\u0105pienia od umowy nie przys\u0142uguje zgodnie z art. 10 ust. 3 pkt 4 ww. ustawy w wypadkach \u015bwiadcze\u0144 o w\u0142a\u015bciwo\u015bciach okre\u015blonych przez konsumenta w z\u0142o\u017conym przez niego zam\u00f3wieniu, do takich towar\u00f3w nale\u017c\u0105 m.in. produkty wykonane na indywidualne zam\u00f3wienie klienta. W takim przypadku nie ma r\u00f3wnie\u017c mo\u017cliwo\u015bci zmiany specyfikacji zam\u00f3wienia oraz rezygnacji z zam\u00f3wienia w trakcie jego realizacji.<\/p>","protected":false},"excerpt":{"rendered":"<p>PRAWO DO ODST\u0104PIENIA OD UMOWY ZAWARTEJ NA ODLEG\u0141O\u015a\u0106 Ka\u017cdemu klientowi, b\u0119d\u0105cemu konsumentem w rozumieniu art. 221 Kodeksu Cywilnego i korzystaj\u0105cemu ze sklepu internetowego boguc.eu przys\u0142uguje \u2013 na podstawie przepis\u00f3w prawa<\/p>","protected":false},"author":2,"featured_media":0,"parent":0,"menu_order":0,"comment_status":"closed","ping_status":"closed","template":"","meta":{"_acf_changed":false,"footnotes":""},"class_list":["post-5918","page","type-page","status-publish","hentry"],"acf":[],"yoast_head":"<!-- This site is optimized with the Yoast SEO plugin v27.3 - https:\/\/yoast.com\/product\/yoast-seo-wordpress\/ -->\n<title>Zwroty - Boguc Construction<\/title>\n<meta name=\"description\" content=\"Zwroty - prawo do odst\u0105pienia od umowy zawartej na odleg\u0142o\u015b\u0107. Zapoznaj si\u0119 z mo\u017cliwo\u015bciami zwrotu towar\u00f3w.\" \/>\n<meta name=\"robots\" content=\"index, follow, max-snippet:-1, max-image-preview:large, max-video-preview:-1\" \/>\n<link rel=\"canonical\" href=\"https:\/\/boguc.eu\/en\/zwroty\/\" \/>\n<meta property=\"og:locale\" content=\"en_GB\" \/>\n<meta property=\"og:type\" content=\"article\" \/>\n<meta property=\"og:title\" content=\"Zwroty - Boguc Construction\" \/>\n<meta property=\"og:description\" content=\"Zwroty - prawo do odst\u0105pienia od umowy zawartej na odleg\u0142o\u015b\u0107. Zapoznaj si\u0119 z mo\u017cliwo\u015bciami zwrotu towar\u00f3w.\" \/>\n<meta property=\"og:url\" content=\"https:\/\/boguc.eu\/en\/zwroty\/\" \/>\n<meta property=\"og:site_name\" content=\"Boguc Construction\" \/>\n<meta property=\"article:modified_time\" content=\"2024-11-06T12:57:08+00:00\" \/>\n<meta name=\"twitter:card\" content=\"summary_large_image\" \/>\n<meta name=\"twitter:label1\" content=\"Estimated reading time\" \/>\n\t<meta name=\"twitter:data1\" content=\"3 minutes\" \/>\n<script type=\"application\/ld+json\" class=\"yoast-schema-graph\">{\"@context\":\"https:\\\/\\\/schema.org\",\"@graph\":[{\"@type\":\"WebPage\",\"@id\":\"https:\\\/\\\/boguc.eu\\\/zwroty\\\/\",\"url\":\"https:\\\/\\\/boguc.eu\\\/zwroty\\\/\",\"name\":\"Zwroty - Boguc Construction\",\"isPartOf\":{\"@id\":\"https:\\\/\\\/boguc.eu\\\/#website\"},\"datePublished\":\"2022-08-23T11:24:06+00:00\",\"dateModified\":\"2024-11-06T12:57:08+00:00\",\"description\":\"Zwroty - prawo do odst\u0105pienia od umowy zawartej na odleg\u0142o\u015b\u0107. Zapoznaj si\u0119 z mo\u017cliwo\u015bciami zwrotu towar\u00f3w.\",\"breadcrumb\":{\"@id\":\"https:\\\/\\\/boguc.eu\\\/zwroty\\\/#breadcrumb\"},\"inLanguage\":\"en-GB\",\"potentialAction\":[{\"@type\":\"ReadAction\",\"target\":[\"https:\\\/\\\/boguc.eu\\\/zwroty\\\/\"]}]},{\"@type\":\"BreadcrumbList\",\"@id\":\"https:\\\/\\\/boguc.eu\\\/zwroty\\\/#breadcrumb\",\"itemListElement\":[{\"@type\":\"ListItem\",\"position\":1,\"name\":\"Strona g\u0142\u00f3wna\",\"item\":\"https:\\\/\\\/boguc.eu\\\/\"},{\"@type\":\"ListItem\",\"position\":2,\"name\":\"Zwroty\"}]},{\"@type\":\"WebSite\",\"@id\":\"https:\\\/\\\/boguc.eu\\\/#website\",\"url\":\"https:\\\/\\\/boguc.eu\\\/\",\"name\":\"Boguc Construction\",\"description\":\"Sklejki i p\u0142yty szalunkowe, szalunki, rusztowania\",\"potentialAction\":[{\"@type\":\"SearchAction\",\"target\":{\"@type\":\"EntryPoint\",\"urlTemplate\":\"https:\\\/\\\/boguc.eu\\\/?s={search_term_string}\"},\"query-input\":{\"@type\":\"PropertyValueSpecification\",\"valueRequired\":true,\"valueName\":\"search_term_string\"}}],\"inLanguage\":\"en-GB\"}]}<\/script>\n<!-- \/ Yoast SEO plugin. -->","yoast_head_json":{"title":"Zwroty - Boguc Construction","description":"Zwroty - prawo do odst\u0105pienia od umowy zawartej na odleg\u0142o\u015b\u0107. Zapoznaj si\u0119 z mo\u017cliwo\u015bciami zwrotu towar\u00f3w.","robots":{"index":"index","follow":"follow","max-snippet":"max-snippet:-1","max-image-preview":"max-image-preview:large","max-video-preview":"max-video-preview:-1"},"canonical":"https:\/\/boguc.eu\/en\/zwroty\/","og_locale":"en_GB","og_type":"article","og_title":"Zwroty - Boguc Construction","og_description":"Zwroty - prawo do odst\u0105pienia od umowy zawartej na odleg\u0142o\u015b\u0107. Zapoznaj si\u0119 z mo\u017cliwo\u015bciami zwrotu towar\u00f3w.","og_url":"https:\/\/boguc.eu\/en\/zwroty\/","og_site_name":"Boguc Construction","article_modified_time":"2024-11-06T12:57:08+00:00","twitter_card":"summary_large_image","twitter_misc":{"Estimated reading time":"3 minutes"},"schema":{"@context":"https:\/\/schema.org","@graph":[{"@type":"WebPage","@id":"https:\/\/boguc.eu\/zwroty\/","url":"https:\/\/boguc.eu\/zwroty\/","name":"Zwroty - Boguc Construction","isPartOf":{"@id":"https:\/\/boguc.eu\/#website"},"datePublished":"2022-08-23T11:24:06+00:00","dateModified":"2024-11-06T12:57:08+00:00","description":"Zwroty - prawo do odst\u0105pienia od umowy zawartej na odleg\u0142o\u015b\u0107. Zapoznaj si\u0119 z mo\u017cliwo\u015bciami zwrotu towar\u00f3w.","breadcrumb":{"@id":"https:\/\/boguc.eu\/zwroty\/#breadcrumb"},"inLanguage":"en-GB","potentialAction":[{"@type":"ReadAction","target":["https:\/\/boguc.eu\/zwroty\/"]}]},{"@type":"BreadcrumbList","@id":"https:\/\/boguc.eu\/zwroty\/#breadcrumb","itemListElement":[{"@type":"ListItem","position":1,"name":"Strona g\u0142\u00f3wna","item":"https:\/\/boguc.eu\/"},{"@type":"ListItem","position":2,"name":"Zwroty"}]},{"@type":"WebSite","@id":"https:\/\/boguc.eu\/#website","url":"https:\/\/boguc.eu\/","name":"Boguc Construction","description":"Sklejki i p\u0142yty szalunkowe, szalunki, rusztowania","potentialAction":[{"@type":"SearchAction","target":{"@type":"EntryPoint","urlTemplate":"https:\/\/boguc.eu\/?s={search_term_string}"},"query-input":{"@type":"PropertyValueSpecification","valueRequired":true,"valueName":"search_term_string"}}],"inLanguage":"en-GB"}]}},"_links":{"self":[{"href":"https:\/\/boguc.eu\/en\/wp-json\/wp\/v2\/pages\/5918","targetHints":{"allow":["GET"]}}],"collection":[{"href":"https:\/\/boguc.eu\/en\/wp-json\/wp\/v2\/pages"}],"about":[{"href":"https:\/\/boguc.eu\/en\/wp-json\/wp\/v2\/types\/page"}],"author":[{"embeddable":true,"href":"https:\/\/boguc.eu\/en\/wp-json\/wp\/v2\/users\/2"}],"replies":[{"embeddable":true,"href":"https:\/\/boguc.eu\/en\/wp-json\/wp\/v2\/comments?post=5918"}],"version-history":[{"count":0,"href":"https:\/\/boguc.eu\/en\/wp-json\/wp\/v2\/pages\/5918\/revisions"}],"wp:attachment":[{"href":"https:\/\/boguc.eu\/en\/wp-json\/wp\/v2\/media?parent=5918"}],"curies":[{"name":"wp","href":"https:\/\/api.w.org\/{rel}","templated":true}]}}